{"id":23954,"date":"2025-09-16T10:14:22","date_gmt":"2025-09-16T08:14:22","guid":{"rendered":"https:\/\/fbt2.addictionlab.it\/product\/prodotto-12\/"},"modified":"2026-01-27T16:54:55","modified_gmt":"2026-01-27T15:54:55","slug":"prodotto-12","status":"publish","type":"product","link":"https:\/\/www.fbt.it\/it\/product\/prodotto-12\/","title":{"rendered":"U8000"},"content":{"rendered":"<p>La serie U8000 \u00e8 composta dai modelli DRU8002, DRU8001, THU8000 e TBU8000, tutti progettati per soddisfare le specifiche esigenze applicative. Il nuovo sistema U8000 \u00e8 disponibile nelle versioni a singolo o doppio canale, con prestazioni e affidabilit\u00e0 progettate per semplificare le attivit\u00e0 d&#8217;installazione e di utilizzo. I ricevitori DRU8000 e DRU8001 hanno un design compatto e sono facili da usare con il modello di trasmettitore portatile THU8000, offrendo un mix perfetto di convenienza e prestazioni. Il trasmettitore body-pack TBU8000 completa la gamma e pu\u00f2 essere utilizzato con le cuffie CX-504 e CM-501 e i microfoni archetto e lavalier.<\/p>\n","protected":false},"excerpt":{"rendered":"<p>UHF MICROPHONE SYSTEM<\/p>\n","protected":false},"featured_media":21564,"comment_status":"open","ping_status":"closed","template":"","meta":{"_acf_changed":false,"_gspb_post_css":"","inline_featured_image":false,"_genesis_hide_title":false,"_genesis_hide_breadcrumbs":false,"_genesis_hide_singular_image":false,"_genesis_hide_footer_widgets":false,"_genesis_custom_body_class":"","_genesis_custom_post_class":"","_genesis_layout":"","_links_to":"","_links_to_target":""},"product-structure":[470],"product_brand":[],"product_cat":[22],"product_tag":[],"class_list":{"0":"post-23954","1":"product","2":"type-product","3":"status-publish","4":"has-post-thumbnail","6":"product_cat-senza-categoria","7":"entry","9":"first","10":"instock","11":"shipping-taxable","12":"product-type-simple"},"acf":[],"yoast_head":"<!-- This site is optimized with the Yoast SEO plugin v26.6 - https:\/\/yoast.com\/wordpress\/plugins\/seo\/ -->\n<title>U8000 - FBT<\/title>\n<meta name=\"robots\" content=\"index, follow, max-snippet:-1, max-image-preview:large, max-video-preview:-1\" \/>\n<link rel=\"canonical\" href=\"https:\/\/www.fbt.it\/it\/product\/prodotto-12\/\" \/>\n<meta property=\"og:locale\" content=\"it_IT\" \/>\n<meta property=\"og:type\" content=\"article\" \/>\n<meta property=\"og:title\" content=\"U8000 - FBT\" \/>\n<meta property=\"og:description\" content=\"UHF MICROPHONE SYSTEM\" \/>\n<meta property=\"og:url\" content=\"https:\/\/www.fbt.it\/it\/product\/prodotto-12\/\" \/>\n<meta property=\"og:site_name\" content=\"FBT\" \/>\n<meta property=\"article:publisher\" content=\"https:\/\/www.facebook.com\/fbtelettronica\" \/>\n<meta property=\"article:modified_time\" content=\"2026-01-27T15:54:55+00:00\" \/>\n<meta property=\"og:image\" content=\"https:\/\/www.fbt.it\/wp-content\/uploads\/2025\/06\/DRU8001_fronte.png\" \/>\n\t<meta property=\"og:image:width\" content=\"1000\" \/>\n\t<meta property=\"og:image:height\" content=\"750\" \/>\n\t<meta property=\"og:image:type\" content=\"image\/png\" \/>\n<meta name=\"twitter:card\" content=\"summary_large_image\" \/>\n<meta name=\"twitter:label1\" content=\"Tempo di lettura stimato\" \/>\n\t<meta name=\"twitter:data1\" content=\"1 minuto\" \/>\n<script type=\"application\/ld+json\" class=\"yoast-schema-graph\">{\"@context\":\"https:\/\/schema.org\",\"@graph\":[{\"@type\":\"WebPage\",\"@id\":\"https:\/\/www.fbt.it\/it\/product\/prodotto-12\/\",\"url\":\"https:\/\/www.fbt.it\/it\/product\/prodotto-12\/\",\"name\":\"U8000 - FBT\",\"isPartOf\":{\"@id\":\"https:\/\/www.fbt.it\/it\/#website\"},\"primaryImageOfPage\":{\"@id\":\"https:\/\/www.fbt.it\/it\/product\/prodotto-12\/#primaryimage\"},\"image\":{\"@id\":\"https:\/\/www.fbt.it\/it\/product\/prodotto-12\/#primaryimage\"},\"thumbnailUrl\":\"https:\/\/www.fbt.it\/wp-content\/uploads\/2025\/06\/DRU8001_fronte.png\",\"datePublished\":\"2025-09-16T08:14:22+00:00\",\"dateModified\":\"2026-01-27T15:54:55+00:00\",\"breadcrumb\":{\"@id\":\"https:\/\/www.fbt.it\/it\/product\/prodotto-12\/#breadcrumb\"},\"inLanguage\":\"it-IT\",\"potentialAction\":[{\"@type\":\"ReadAction\",\"target\":[\"https:\/\/www.fbt.it\/it\/product\/prodotto-12\/\"]}]},{\"@type\":\"ImageObject\",\"inLanguage\":\"it-IT\",\"@id\":\"https:\/\/www.fbt.it\/it\/product\/prodotto-12\/#primaryimage\",\"url\":\"https:\/\/www.fbt.it\/wp-content\/uploads\/2025\/06\/DRU8001_fronte.png\",\"contentUrl\":\"https:\/\/www.fbt.it\/wp-content\/uploads\/2025\/06\/DRU8001_fronte.png\",\"width\":1000,\"height\":750},{\"@type\":\"BreadcrumbList\",\"@id\":\"https:\/\/www.fbt.it\/it\/product\/prodotto-12\/#breadcrumb\",\"itemListElement\":[{\"@type\":\"ListItem\",\"position\":1,\"name\":\"Home\",\"item\":\"https:\/\/www.fbt.it\/it\/\"},{\"@type\":\"ListItem\",\"position\":2,\"name\":\"Shop\",\"item\":\"https:\/\/www.fbt.it\/negozio\/\"},{\"@type\":\"ListItem\",\"position\":3,\"name\":\"U8000\"}]},{\"@type\":\"WebSite\",\"@id\":\"https:\/\/www.fbt.it\/it\/#website\",\"url\":\"https:\/\/www.fbt.it\/it\/\",\"name\":\"FBT\",\"description\":\"\",\"publisher\":{\"@id\":\"https:\/\/www.fbt.it\/it\/#organization\"},\"potentialAction\":[{\"@type\":\"SearchAction\",\"target\":{\"@type\":\"EntryPoint\",\"urlTemplate\":\"https:\/\/www.fbt.it\/it\/?s={search_term_string}\"},\"query-input\":{\"@type\":\"PropertyValueSpecification\",\"valueRequired\":true,\"valueName\":\"search_term_string\"}}],\"inLanguage\":\"it-IT\"},{\"@type\":\"Organization\",\"@id\":\"https:\/\/www.fbt.it\/it\/#organization\",\"name\":\"FBT\",\"url\":\"https:\/\/www.fbt.it\/it\/\",\"logo\":{\"@type\":\"ImageObject\",\"inLanguage\":\"it-IT\",\"@id\":\"https:\/\/www.fbt.it\/it\/#\/schema\/logo\/image\/\",\"url\":\"https:\/\/www.fbt.it\/wp-content\/uploads\/2024\/06\/thumbnail.png\",\"contentUrl\":\"https:\/\/www.fbt.it\/wp-content\/uploads\/2024\/06\/thumbnail.png\",\"width\":216,\"height\":122,\"caption\":\"FBT\"},\"image\":{\"@id\":\"https:\/\/www.fbt.it\/it\/#\/schema\/logo\/image\/\"},\"sameAs\":[\"https:\/\/www.facebook.com\/fbtelettronica\",\"https:\/\/www.youtube.com\/channel\/UCMXbrLQy7qECVUkjNLkxAaQ\"]}]}<\/script>\n<!-- \/ Yoast SEO plugin. -->","yoast_head_json":{"title":"U8000 - FBT","robots":{"index":"index","follow":"follow","max-snippet":"max-snippet:-1","max-image-preview":"max-image-preview:large","max-video-preview":"max-video-preview:-1"},"canonical":"https:\/\/www.fbt.it\/it\/product\/prodotto-12\/","og_locale":"it_IT","og_type":"article","og_title":"U8000 - FBT","og_description":"UHF MICROPHONE SYSTEM","og_url":"https:\/\/www.fbt.it\/it\/product\/prodotto-12\/","og_site_name":"FBT","article_publisher":"https:\/\/www.facebook.com\/fbtelettronica","article_modified_time":"2026-01-27T15:54:55+00:00","og_image":[{"width":1000,"height":750,"url":"https:\/\/www.fbt.it\/wp-content\/uploads\/2025\/06\/DRU8001_fronte.png","type":"image\/png"}],"twitter_card":"summary_large_image","twitter_misc":{"Tempo di lettura stimato":"1 minuto"},"schema":{"@context":"https:\/\/schema.org","@graph":[{"@type":"WebPage","@id":"https:\/\/www.fbt.it\/it\/product\/prodotto-12\/","url":"https:\/\/www.fbt.it\/it\/product\/prodotto-12\/","name":"U8000 - FBT","isPartOf":{"@id":"https:\/\/www.fbt.it\/it\/#website"},"primaryImageOfPage":{"@id":"https:\/\/www.fbt.it\/it\/product\/prodotto-12\/#primaryimage"},"image":{"@id":"https:\/\/www.fbt.it\/it\/product\/prodotto-12\/#primaryimage"},"thumbnailUrl":"https:\/\/www.fbt.it\/wp-content\/uploads\/2025\/06\/DRU8001_fronte.png","datePublished":"2025-09-16T08:14:22+00:00","dateModified":"2026-01-27T15:54:55+00:00","breadcrumb":{"@id":"https:\/\/www.fbt.it\/it\/product\/prodotto-12\/#breadcrumb"},"inLanguage":"it-IT","potentialAction":[{"@type":"ReadAction","target":["https:\/\/www.fbt.it\/it\/product\/prodotto-12\/"]}]},{"@type":"ImageObject","inLanguage":"it-IT","@id":"https:\/\/www.fbt.it\/it\/product\/prodotto-12\/#primaryimage","url":"https:\/\/www.fbt.it\/wp-content\/uploads\/2025\/06\/DRU8001_fronte.png","contentUrl":"https:\/\/www.fbt.it\/wp-content\/uploads\/2025\/06\/DRU8001_fronte.png","width":1000,"height":750},{"@type":"BreadcrumbList","@id":"https:\/\/www.fbt.it\/it\/product\/prodotto-12\/#breadcrumb","itemListElement":[{"@type":"ListItem","position":1,"name":"Home","item":"https:\/\/www.fbt.it\/it\/"},{"@type":"ListItem","position":2,"name":"Shop","item":"https:\/\/www.fbt.it\/negozio\/"},{"@type":"ListItem","position":3,"name":"U8000"}]},{"@type":"WebSite","@id":"https:\/\/www.fbt.it\/it\/#website","url":"https:\/\/www.fbt.it\/it\/","name":"FBT","description":"","publisher":{"@id":"https:\/\/www.fbt.it\/it\/#organization"},"potentialAction":[{"@type":"SearchAction","target":{"@type":"EntryPoint","urlTemplate":"https:\/\/www.fbt.it\/it\/?s={search_term_string}"},"query-input":{"@type":"PropertyValueSpecification","valueRequired":true,"valueName":"search_term_string"}}],"inLanguage":"it-IT"},{"@type":"Organization","@id":"https:\/\/www.fbt.it\/it\/#organization","name":"FBT","url":"https:\/\/www.fbt.it\/it\/","logo":{"@type":"ImageObject","inLanguage":"it-IT","@id":"https:\/\/www.fbt.it\/it\/#\/schema\/logo\/image\/","url":"https:\/\/www.fbt.it\/wp-content\/uploads\/2024\/06\/thumbnail.png","contentUrl":"https:\/\/www.fbt.it\/wp-content\/uploads\/2024\/06\/thumbnail.png","width":216,"height":122,"caption":"FBT"},"image":{"@id":"https:\/\/www.fbt.it\/it\/#\/schema\/logo\/image\/"},"sameAs":["https:\/\/www.facebook.com\/fbtelettronica","https:\/\/www.youtube.com\/channel\/UCMXbrLQy7qECVUkjNLkxAaQ"]}]}},"_links":{"self":[{"href":"https:\/\/www.fbt.it\/it\/wp-json\/wp\/v2\/product\/23954","targetHints":{"allow":["GET"]}}],"collection":[{"href":"https:\/\/www.fbt.it\/it\/wp-json\/wp\/v2\/product"}],"about":[{"href":"https:\/\/www.fbt.it\/it\/wp-json\/wp\/v2\/types\/product"}],"replies":[{"embeddable":true,"href":"https:\/\/www.fbt.it\/it\/wp-json\/wp\/v2\/comments?post=23954"}],"wp:featuredmedia":[{"embeddable":true,"href":"https:\/\/www.fbt.it\/it\/wp-json\/wp\/v2\/media\/21564"}],"wp:attachment":[{"href":"https:\/\/www.fbt.it\/it\/wp-json\/wp\/v2\/media?parent=23954"}],"wp:term":[{"taxonomy":"product-structure","embeddable":true,"href":"https:\/\/www.fbt.it\/it\/wp-json\/wp\/v2\/product-structure?post=23954"},{"taxonomy":"product_brand","embeddable":true,"href":"https:\/\/www.fbt.it\/it\/wp-json\/wp\/v2\/product_brand?post=23954"},{"taxonomy":"product_cat","embeddable":true,"href":"https:\/\/www.fbt.it\/it\/wp-json\/wp\/v2\/product_cat?post=23954"},{"taxonomy":"product_tag","embeddable":true,"href":"https:\/\/www.fbt.it\/it\/wp-json\/wp\/v2\/product_tag?post=23954"}],"curies":[{"name":"wp","href":"https:\/\/api.w.org\/{rel}","templated":true}]}}