{"id":23325,"date":"2025-07-14T15:51:11","date_gmt":"2025-07-14T13:51:11","guid":{"rendered":"https:\/\/fbt2.addictionlab.it\/product\/prodotto-10\/"},"modified":"2025-12-02T12:16:20","modified_gmt":"2025-12-02T11:16:20","slug":"horizon-nd-n-2","status":"publish","type":"product","link":"https:\/\/www.fbt.it\/it\/product\/horizon-nd-n-2\/","title":{"rendered":"HORIZON ND \/ N"},"content":{"rendered":"<p>La serie Horizon VHA (Vertical Horizontal Array) \u00e8 progettata per ridefinire la flessibilit\u00e0 e le prestazioni nei sistemi a line array. Supporta sia l&#8217;installazione verticale sia orizzontale con accoppiamento coerente delle unit\u00e0, garantendo copertura uniforme, scalabilit\u00e0 e coerenza sonora in molteplici applicazioni. Il componente centrale \u00e8 il modulo VHA406A, equipaggiato con quattro woofer da 6,5\u2033 e un driver a compressione in neodimio da 1,4\u2033 (bobina 2,5\u2033). La tromba centrale \u00e8 studiata tramite simulazioni BEM per offrire un controllo verticale preciso mantenendo una dispersione orizzontale di 90\u00b0.  Il modulo elettronico di ogni VHA406A eroga 600W in LF e 300W in HF (Classe D), integrando un DSP con otto preset selezionabili che permettono di adattare la risposta del sistema all\u2019acustica dell\u2019ambiente.  Per estendere le basse frequenze, due modelli di subwoofer dedicati VHA112SA (12&#8243;) e VHA118SA (18&#8243;) sono progettati per integrarsi perfettamente, sia in termini di acustica che di forma. VHA112SA utilizza un woofer da 12&#8243; ad escursione elevata (bobina da 3&#8243;), alimentato da un amplificatore Classe D da 1200W, con DSP integrato e progetto reflex a flusso laminare per minimizzare turbolenze e compressione.  VHA118SA monta un woofer B&amp;C da 18&#8243; con bobina da 3&#8243;, pilotato da un modulo Classe D da 2500W. Il progetto assicura un\u2019estensione delle basse frequenze eccezionale (fino a 30 Hz) per sistemi di larga scala. Tutti i modelli sono costruiti in multistrato di betulla di alta qualit\u00e0 con rivestimento in gomma sintetica resistente, adatti all\u2019uso scenico. Punti di ancoraggio, sistemi di rilascio rapido e hardware per sospensione con flybar e stacking sono completamente integrati, garantendo un matching estetico, meccanico e acustico su tutta la serie.  La serie VHA \u00e8 disponibile sia nella versione passiva (VHA406, VHA112, VHA118) che nelle versione con Network e DANTE (VHA406N\/ND, VHA112N\/ND, VHA118N\/ND).<\/p>\n","protected":false},"excerpt":{"rendered":"<p>REVOLUTIONARY SOUND PERSPECTIVE<\/p>\n","protected":false},"featured_media":0,"comment_status":"open","ping_status":"closed","template":"","meta":{"_acf_changed":false,"_gspb_post_css":"","inline_featured_image":false,"_genesis_hide_title":false,"_genesis_hide_breadcrumbs":false,"_genesis_hide_singular_image":false,"_genesis_hide_footer_widgets":false,"_genesis_custom_body_class":"","_genesis_custom_post_class":"","_genesis_layout":"","_links_to":"","_links_to_target":""},"product-structure":[470],"product_brand":[],"product_cat":[22],"product_tag":[],"class_list":{"0":"post-23325","1":"product","2":"type-product","3":"status-publish","5":"product_cat-senza-categoria","6":"entry","8":"first","9":"instock","10":"shipping-taxable","11":"product-type-simple"},"acf":[],"yoast_head":"<!-- This site is optimized with the Yoast SEO plugin v26.6 - https:\/\/yoast.com\/wordpress\/plugins\/seo\/ -->\n<title>HORIZON ND \/ N - FBT<\/title>\n<meta name=\"robots\" content=\"index, follow, max-snippet:-1, max-image-preview:large, max-video-preview:-1\" \/>\n<link rel=\"canonical\" href=\"https:\/\/www.fbt.it\/it\/product\/horizon-nd-n-2\/\" \/>\n<meta property=\"og:locale\" content=\"it_IT\" \/>\n<meta property=\"og:type\" content=\"article\" \/>\n<meta property=\"og:title\" content=\"HORIZON ND \/ N - FBT\" \/>\n<meta property=\"og:description\" content=\"REVOLUTIONARY SOUND PERSPECTIVE\" \/>\n<meta property=\"og:url\" content=\"https:\/\/www.fbt.it\/it\/product\/horizon-nd-n-2\/\" \/>\n<meta property=\"og:site_name\" content=\"FBT\" \/>\n<meta property=\"article:publisher\" content=\"https:\/\/www.facebook.com\/fbtelettronica\" \/>\n<meta property=\"article:modified_time\" content=\"2025-12-02T11:16:20+00:00\" \/>\n<meta name=\"twitter:card\" content=\"summary_large_image\" \/>\n<meta name=\"twitter:label1\" content=\"Tempo di lettura stimato\" \/>\n\t<meta name=\"twitter:data1\" content=\"1 minuto\" \/>\n<script type=\"application\/ld+json\" class=\"yoast-schema-graph\">{\"@context\":\"https:\/\/schema.org\",\"@graph\":[{\"@type\":\"WebPage\",\"@id\":\"https:\/\/www.fbt.it\/it\/product\/horizon-nd-n-2\/\",\"url\":\"https:\/\/www.fbt.it\/it\/product\/horizon-nd-n-2\/\",\"name\":\"HORIZON ND \/ N - FBT\",\"isPartOf\":{\"@id\":\"https:\/\/www.fbt.it\/it\/#website\"},\"datePublished\":\"2025-07-14T13:51:11+00:00\",\"dateModified\":\"2025-12-02T11:16:20+00:00\",\"breadcrumb\":{\"@id\":\"https:\/\/www.fbt.it\/it\/product\/horizon-nd-n-2\/#breadcrumb\"},\"inLanguage\":\"it-IT\",\"potentialAction\":[{\"@type\":\"ReadAction\",\"target\":[\"https:\/\/www.fbt.it\/it\/product\/horizon-nd-n-2\/\"]}]},{\"@type\":\"BreadcrumbList\",\"@id\":\"https:\/\/www.fbt.it\/it\/product\/horizon-nd-n-2\/#breadcrumb\",\"itemListElement\":[{\"@type\":\"ListItem\",\"position\":1,\"name\":\"Home\",\"item\":\"https:\/\/www.fbt.it\/it\/\"},{\"@type\":\"ListItem\",\"position\":2,\"name\":\"Shop\",\"item\":\"https:\/\/www.fbt.it\/negozio\/\"},{\"@type\":\"ListItem\",\"position\":3,\"name\":\"HORIZON ND \/ N\"}]},{\"@type\":\"WebSite\",\"@id\":\"https:\/\/www.fbt.it\/it\/#website\",\"url\":\"https:\/\/www.fbt.it\/it\/\",\"name\":\"FBT\",\"description\":\"\",\"publisher\":{\"@id\":\"https:\/\/www.fbt.it\/it\/#organization\"},\"potentialAction\":[{\"@type\":\"SearchAction\",\"target\":{\"@type\":\"EntryPoint\",\"urlTemplate\":\"https:\/\/www.fbt.it\/it\/?s={search_term_string}\"},\"query-input\":{\"@type\":\"PropertyValueSpecification\",\"valueRequired\":true,\"valueName\":\"search_term_string\"}}],\"inLanguage\":\"it-IT\"},{\"@type\":\"Organization\",\"@id\":\"https:\/\/www.fbt.it\/it\/#organization\",\"name\":\"FBT\",\"url\":\"https:\/\/www.fbt.it\/it\/\",\"logo\":{\"@type\":\"ImageObject\",\"inLanguage\":\"it-IT\",\"@id\":\"https:\/\/www.fbt.it\/it\/#\/schema\/logo\/image\/\",\"url\":\"https:\/\/www.fbt.it\/wp-content\/uploads\/2024\/06\/thumbnail.png\",\"contentUrl\":\"https:\/\/www.fbt.it\/wp-content\/uploads\/2024\/06\/thumbnail.png\",\"width\":216,\"height\":122,\"caption\":\"FBT\"},\"image\":{\"@id\":\"https:\/\/www.fbt.it\/it\/#\/schema\/logo\/image\/\"},\"sameAs\":[\"https:\/\/www.facebook.com\/fbtelettronica\",\"https:\/\/www.youtube.com\/channel\/UCMXbrLQy7qECVUkjNLkxAaQ\"]}]}<\/script>\n<!-- \/ Yoast SEO plugin. -->","yoast_head_json":{"title":"HORIZON ND \/ N - FBT","robots":{"index":"index","follow":"follow","max-snippet":"max-snippet:-1","max-image-preview":"max-image-preview:large","max-video-preview":"max-video-preview:-1"},"canonical":"https:\/\/www.fbt.it\/it\/product\/horizon-nd-n-2\/","og_locale":"it_IT","og_type":"article","og_title":"HORIZON ND \/ N - FBT","og_description":"REVOLUTIONARY SOUND PERSPECTIVE","og_url":"https:\/\/www.fbt.it\/it\/product\/horizon-nd-n-2\/","og_site_name":"FBT","article_publisher":"https:\/\/www.facebook.com\/fbtelettronica","article_modified_time":"2025-12-02T11:16:20+00:00","twitter_card":"summary_large_image","twitter_misc":{"Tempo di lettura stimato":"1 minuto"},"schema":{"@context":"https:\/\/schema.org","@graph":[{"@type":"WebPage","@id":"https:\/\/www.fbt.it\/it\/product\/horizon-nd-n-2\/","url":"https:\/\/www.fbt.it\/it\/product\/horizon-nd-n-2\/","name":"HORIZON ND \/ N - FBT","isPartOf":{"@id":"https:\/\/www.fbt.it\/it\/#website"},"datePublished":"2025-07-14T13:51:11+00:00","dateModified":"2025-12-02T11:16:20+00:00","breadcrumb":{"@id":"https:\/\/www.fbt.it\/it\/product\/horizon-nd-n-2\/#breadcrumb"},"inLanguage":"it-IT","potentialAction":[{"@type":"ReadAction","target":["https:\/\/www.fbt.it\/it\/product\/horizon-nd-n-2\/"]}]},{"@type":"BreadcrumbList","@id":"https:\/\/www.fbt.it\/it\/product\/horizon-nd-n-2\/#breadcrumb","itemListElement":[{"@type":"ListItem","position":1,"name":"Home","item":"https:\/\/www.fbt.it\/it\/"},{"@type":"ListItem","position":2,"name":"Shop","item":"https:\/\/www.fbt.it\/negozio\/"},{"@type":"ListItem","position":3,"name":"HORIZON ND \/ N"}]},{"@type":"WebSite","@id":"https:\/\/www.fbt.it\/it\/#website","url":"https:\/\/www.fbt.it\/it\/","name":"FBT","description":"","publisher":{"@id":"https:\/\/www.fbt.it\/it\/#organization"},"potentialAction":[{"@type":"SearchAction","target":{"@type":"EntryPoint","urlTemplate":"https:\/\/www.fbt.it\/it\/?s={search_term_string}"},"query-input":{"@type":"PropertyValueSpecification","valueRequired":true,"valueName":"search_term_string"}}],"inLanguage":"it-IT"},{"@type":"Organization","@id":"https:\/\/www.fbt.it\/it\/#organization","name":"FBT","url":"https:\/\/www.fbt.it\/it\/","logo":{"@type":"ImageObject","inLanguage":"it-IT","@id":"https:\/\/www.fbt.it\/it\/#\/schema\/logo\/image\/","url":"https:\/\/www.fbt.it\/wp-content\/uploads\/2024\/06\/thumbnail.png","contentUrl":"https:\/\/www.fbt.it\/wp-content\/uploads\/2024\/06\/thumbnail.png","width":216,"height":122,"caption":"FBT"},"image":{"@id":"https:\/\/www.fbt.it\/it\/#\/schema\/logo\/image\/"},"sameAs":["https:\/\/www.facebook.com\/fbtelettronica","https:\/\/www.youtube.com\/channel\/UCMXbrLQy7qECVUkjNLkxAaQ"]}]}},"_links":{"self":[{"href":"https:\/\/www.fbt.it\/it\/wp-json\/wp\/v2\/product\/23325","targetHints":{"allow":["GET"]}}],"collection":[{"href":"https:\/\/www.fbt.it\/it\/wp-json\/wp\/v2\/product"}],"about":[{"href":"https:\/\/www.fbt.it\/it\/wp-json\/wp\/v2\/types\/product"}],"replies":[{"embeddable":true,"href":"https:\/\/www.fbt.it\/it\/wp-json\/wp\/v2\/comments?post=23325"}],"wp:attachment":[{"href":"https:\/\/www.fbt.it\/it\/wp-json\/wp\/v2\/media?parent=23325"}],"wp:term":[{"taxonomy":"product-structure","embeddable":true,"href":"https:\/\/www.fbt.it\/it\/wp-json\/wp\/v2\/product-structure?post=23325"},{"taxonomy":"product_brand","embeddable":true,"href":"https:\/\/www.fbt.it\/it\/wp-json\/wp\/v2\/product_brand?post=23325"},{"taxonomy":"product_cat","embeddable":true,"href":"https:\/\/www.fbt.it\/it\/wp-json\/wp\/v2\/product_cat?post=23325"},{"taxonomy":"product_tag","embeddable":true,"href":"https:\/\/www.fbt.it\/it\/wp-json\/wp\/v2\/product_tag?post=23325"}],"curies":[{"name":"wp","href":"https:\/\/api.w.org\/{rel}","templated":true}]}}