{"id":23298,"date":"2025-07-14T16:59:17","date_gmt":"2025-07-14T14:59:17","guid":{"rendered":"https:\/\/fbt2.addictionlab.it\/product\/prodotto-9\/"},"modified":"2026-04-30T13:13:09","modified_gmt":"2026-04-30T11:13:09","slug":"muse-lnd-ln","status":"publish","type":"product","link":"https:\/\/www.fbt.it\/it\/product\/muse-lnd-ln\/","title":{"rendered":"MUSE LND \/ LN"},"content":{"rendered":"<p><div>Un sistema line array innovativo dall\u2019ingegnerizzazione raffinata, tecnologicamente avanzato. Queste le doti del nuovo diffusore che ridefinisce il concetto di line array in termini di potenza, dimensioni, leggerezza, flessibilit\u00e0 e praticit\u00e0 di utilizzo. La modularit\u00e0 da 2 fino a 16 diffusori permette l\u2019utilizzo in una grande variet\u00e0 di situazioni, dalla piccola band fino al grande concerto all\u2019aperto.<\/div>\n<div><\/div>\n<div>\n<div><b>MUSE 210LND\/LN dispone di due woofer custom da 250mm con bobina da 64mm ad alta escursione e due driver B&amp;C custom con bocca da 25mm<\/b>. La guida d\u2019onda, ottimizzata con simulazioni ad elementi finiti BEM per minimizzare la distorsione, ha una dispersione orizzontale di 90\u00b0.<\/div>\n<div><\/div>\n<div><b>Punta di diamante dell\u2019intero progetto \u00e8 il nuovo modulo di amplificazione  con interfaccia di rete TCP\/IP. Basato sullo standard AES70 di OCA ALLIANCE, comunica con il software di controllo remoto \u2018INFINITO system management suite\u2019 e riceve streaming audio digitale a 24bit 48-96Khz da tutti i device compatibili con lo standard \u2018DANTE\u2019. <\/b><\/div>\n<div><\/div>\n<div><b>INFINITO<\/b> \u00e8 una vera rivoluzione nel mondo FBT che migliora l\u2019esperienza dell\u2019utente in un nuovo livello di prestazioni e semplicit\u00e0! <b>Si tratta di una piattaforma software totalmente sviluppata internamente dal team di ricerca e sviluppo di FBT che offre monitoraggio in tempo reale dei sensori interni e dello stato dei dispositivi collegati, Vu-meter IN\/OUT, controlli di tutti i parametri, gestione dei gruppi, lettura degli avvisi<\/b>. Il modulo \u00e8 contenuto in uno chassis di alluminio con ventilazione forzata intelligente ed \u00e8 dotato di display OLED con encoder per il settaggio dei parametri, tra i quali 8 preset offrono semplicit\u00e0 di configurazione adattando il DSP alla curvatura dell\u2019array ed al numero di elementi impiegato. <\/div>\n<div><\/div>\n<div>Per estendere le basse frequenze, il sistema MUSE comprende due modelli di subwoofer: <\/div>\n<div>\n<ol>\n<li><b>MUSE118FSND<\/b> \u00e8 un innovativo <b>subwoofer reversibile per configurazioni cardioidi<\/b> con hardware di sospensione integrato. Innovativa configurazione acustica ibrida band-pass con singolo woofer B&amp;C da 460mm e bobina da 88mm al neodimio ed amplificatore integrato da 1600W RMS capace di 140dB SPL, ideale per essere sospeso insieme al MUSE210LND o in cluster separato.<\/li>\n<li><b>MUSE218SND<\/b> \u00e8 un <b>ground subwoofer a radiazione diretta<\/b>, dispone di 2 woofer B&amp;C 460mm a lunga escursione ed amplificazione da 4000W in classe D capace di 148.5dB SPL. Il subwoofer funge da base per configurazioni \u2018ground-stack\u2019 ed \u00e8 dotato di preset per configurazione cardioide. <\/li>\n<\/ol>\n<\/div>\n<div>Entrambi dispongono di <b>alimentatore switching, display OLED con encoder ed interfaccia TCP\/IP OCA70 compatibile per comunicare con il software \u2018INFINITO system management suite\u2019<\/b>.<\/div>\n<div><b>Tramite il software per PC EASE FOCUS 3 di AFMG<\/b> \u00e8 possibile progettare la configurazione pi\u00f9 adeguata simulando la distribuzione di SPL e la risposta in frequenza del sistema nelle aree di ascolto.  <\/div>\n<\/div>\n","protected":false},"excerpt":{"rendered":"<p> Vertical Curvature Line Array<\/p>\n","protected":false},"featured_media":0,"comment_status":"open","ping_status":"closed","template":"","meta":{"_acf_changed":false,"_gspb_post_css":"","inline_featured_image":false,"_genesis_hide_title":false,"_genesis_hide_breadcrumbs":false,"_genesis_hide_singular_image":false,"_genesis_hide_footer_widgets":false,"_genesis_custom_body_class":"","_genesis_custom_post_class":"","_genesis_layout":"","_links_to":"","_links_to_target":""},"product-structure":[470],"product_brand":[],"product_cat":[2615,2615,2611],"product_tag":[],"class_list":{"0":"post-23298","1":"product","2":"type-product","3":"status-publish","5":"product_cat-line-arrays","7":"product_cat-tipologie","8":"entry","10":"first","11":"instock","12":"shipping-taxable","13":"product-type-simple"},"acf":[],"yoast_head":"<!-- This site is optimized with the Yoast SEO plugin v27.5 - https:\/\/yoast.com\/product\/yoast-seo-wordpress\/ -->\n<title>MUSE LND \/ LN - FBT<\/title>\n<meta name=\"robots\" content=\"index, follow, max-snippet:-1, max-image-preview:large, max-video-preview:-1\" \/>\n<link rel=\"canonical\" href=\"https:\/\/www.fbt.it\/it\/product\/muse-lnd-ln\/\" \/>\n<meta property=\"og:locale\" content=\"it_IT\" \/>\n<meta property=\"og:type\" content=\"article\" \/>\n<meta property=\"og:title\" content=\"MUSE LND \/ LN - FBT\" \/>\n<meta property=\"og:description\" content=\"Vertical Curvature Line Array\" \/>\n<meta property=\"og:url\" content=\"https:\/\/www.fbt.it\/it\/product\/muse-lnd-ln\/\" \/>\n<meta property=\"og:site_name\" content=\"FBT\" \/>\n<meta property=\"article:publisher\" content=\"https:\/\/www.facebook.com\/fbtelettronica\" \/>\n<meta property=\"article:modified_time\" content=\"2026-04-30T11:13:09+00:00\" \/>\n<meta name=\"twitter:card\" content=\"summary_large_image\" \/>\n<meta name=\"twitter:label1\" content=\"Tempo di lettura stimato\" \/>\n\t<meta name=\"twitter:data1\" content=\"2 minuti\" \/>\n<script type=\"application\/ld+json\" class=\"yoast-schema-graph\">{\"@context\":\"https:\\\/\\\/schema.org\",\"@graph\":[{\"@type\":\"WebPage\",\"@id\":\"https:\\\/\\\/www.fbt.it\\\/it\\\/product\\\/muse-lnd-ln\\\/\",\"url\":\"https:\\\/\\\/www.fbt.it\\\/it\\\/product\\\/muse-lnd-ln\\\/\",\"name\":\"MUSE LND \\\/ LN - FBT\",\"isPartOf\":{\"@id\":\"https:\\\/\\\/www.fbt.it\\\/it\\\/#website\"},\"datePublished\":\"2025-07-14T14:59:17+00:00\",\"dateModified\":\"2026-04-30T11:13:09+00:00\",\"breadcrumb\":{\"@id\":\"https:\\\/\\\/www.fbt.it\\\/it\\\/product\\\/muse-lnd-ln\\\/#breadcrumb\"},\"inLanguage\":\"it-IT\",\"potentialAction\":[{\"@type\":\"ReadAction\",\"target\":[\"https:\\\/\\\/www.fbt.it\\\/it\\\/product\\\/muse-lnd-ln\\\/\"]}]},{\"@type\":\"BreadcrumbList\",\"@id\":\"https:\\\/\\\/www.fbt.it\\\/it\\\/product\\\/muse-lnd-ln\\\/#breadcrumb\",\"itemListElement\":[{\"@type\":\"ListItem\",\"position\":1,\"name\":\"Home\",\"item\":\"https:\\\/\\\/www.fbt.it\\\/it\\\/\"},{\"@type\":\"ListItem\",\"position\":2,\"name\":\"Shop\",\"item\":\"https:\\\/\\\/www.fbt.it\\\/negozio\\\/\"},{\"@type\":\"ListItem\",\"position\":3,\"name\":\"MUSE LND \\\/ LN\"}]},{\"@type\":\"WebSite\",\"@id\":\"https:\\\/\\\/www.fbt.it\\\/it\\\/#website\",\"url\":\"https:\\\/\\\/www.fbt.it\\\/it\\\/\",\"name\":\"FBT\",\"description\":\"\",\"publisher\":{\"@id\":\"https:\\\/\\\/www.fbt.it\\\/it\\\/#organization\"},\"potentialAction\":[{\"@type\":\"SearchAction\",\"target\":{\"@type\":\"EntryPoint\",\"urlTemplate\":\"https:\\\/\\\/www.fbt.it\\\/it\\\/?s={search_term_string}\"},\"query-input\":{\"@type\":\"PropertyValueSpecification\",\"valueRequired\":true,\"valueName\":\"search_term_string\"}}],\"inLanguage\":\"it-IT\"},{\"@type\":\"Organization\",\"@id\":\"https:\\\/\\\/www.fbt.it\\\/it\\\/#organization\",\"name\":\"FBT\",\"url\":\"https:\\\/\\\/www.fbt.it\\\/it\\\/\",\"logo\":{\"@type\":\"ImageObject\",\"inLanguage\":\"it-IT\",\"@id\":\"https:\\\/\\\/www.fbt.it\\\/it\\\/#\\\/schema\\\/logo\\\/image\\\/\",\"url\":\"https:\\\/\\\/www.fbt.it\\\/wp-content\\\/uploads\\\/2024\\\/06\\\/thumbnail.png\",\"contentUrl\":\"https:\\\/\\\/www.fbt.it\\\/wp-content\\\/uploads\\\/2024\\\/06\\\/thumbnail.png\",\"width\":216,\"height\":122,\"caption\":\"FBT\"},\"image\":{\"@id\":\"https:\\\/\\\/www.fbt.it\\\/it\\\/#\\\/schema\\\/logo\\\/image\\\/\"},\"sameAs\":[\"https:\\\/\\\/www.facebook.com\\\/fbtelettronica\",\"https:\\\/\\\/www.youtube.com\\\/channel\\\/UCMXbrLQy7qECVUkjNLkxAaQ\"]}]}<\/script>\n<!-- \/ Yoast SEO plugin. -->","yoast_head_json":{"title":"MUSE LND \/ LN - FBT","robots":{"index":"index","follow":"follow","max-snippet":"max-snippet:-1","max-image-preview":"max-image-preview:large","max-video-preview":"max-video-preview:-1"},"canonical":"https:\/\/www.fbt.it\/it\/product\/muse-lnd-ln\/","og_locale":"it_IT","og_type":"article","og_title":"MUSE LND \/ LN - FBT","og_description":"Vertical Curvature Line Array","og_url":"https:\/\/www.fbt.it\/it\/product\/muse-lnd-ln\/","og_site_name":"FBT","article_publisher":"https:\/\/www.facebook.com\/fbtelettronica","article_modified_time":"2026-04-30T11:13:09+00:00","twitter_card":"summary_large_image","twitter_misc":{"Tempo di lettura stimato":"2 minuti"},"schema":{"@context":"https:\/\/schema.org","@graph":[{"@type":"WebPage","@id":"https:\/\/www.fbt.it\/it\/product\/muse-lnd-ln\/","url":"https:\/\/www.fbt.it\/it\/product\/muse-lnd-ln\/","name":"MUSE LND \/ LN - FBT","isPartOf":{"@id":"https:\/\/www.fbt.it\/it\/#website"},"datePublished":"2025-07-14T14:59:17+00:00","dateModified":"2026-04-30T11:13:09+00:00","breadcrumb":{"@id":"https:\/\/www.fbt.it\/it\/product\/muse-lnd-ln\/#breadcrumb"},"inLanguage":"it-IT","potentialAction":[{"@type":"ReadAction","target":["https:\/\/www.fbt.it\/it\/product\/muse-lnd-ln\/"]}]},{"@type":"BreadcrumbList","@id":"https:\/\/www.fbt.it\/it\/product\/muse-lnd-ln\/#breadcrumb","itemListElement":[{"@type":"ListItem","position":1,"name":"Home","item":"https:\/\/www.fbt.it\/it\/"},{"@type":"ListItem","position":2,"name":"Shop","item":"https:\/\/www.fbt.it\/negozio\/"},{"@type":"ListItem","position":3,"name":"MUSE LND \/ LN"}]},{"@type":"WebSite","@id":"https:\/\/www.fbt.it\/it\/#website","url":"https:\/\/www.fbt.it\/it\/","name":"FBT","description":"","publisher":{"@id":"https:\/\/www.fbt.it\/it\/#organization"},"potentialAction":[{"@type":"SearchAction","target":{"@type":"EntryPoint","urlTemplate":"https:\/\/www.fbt.it\/it\/?s={search_term_string}"},"query-input":{"@type":"PropertyValueSpecification","valueRequired":true,"valueName":"search_term_string"}}],"inLanguage":"it-IT"},{"@type":"Organization","@id":"https:\/\/www.fbt.it\/it\/#organization","name":"FBT","url":"https:\/\/www.fbt.it\/it\/","logo":{"@type":"ImageObject","inLanguage":"it-IT","@id":"https:\/\/www.fbt.it\/it\/#\/schema\/logo\/image\/","url":"https:\/\/www.fbt.it\/wp-content\/uploads\/2024\/06\/thumbnail.png","contentUrl":"https:\/\/www.fbt.it\/wp-content\/uploads\/2024\/06\/thumbnail.png","width":216,"height":122,"caption":"FBT"},"image":{"@id":"https:\/\/www.fbt.it\/it\/#\/schema\/logo\/image\/"},"sameAs":["https:\/\/www.facebook.com\/fbtelettronica","https:\/\/www.youtube.com\/channel\/UCMXbrLQy7qECVUkjNLkxAaQ"]}]}},"_links":{"self":[{"href":"https:\/\/www.fbt.it\/it\/wp-json\/wp\/v2\/product\/23298","targetHints":{"allow":["GET"]}}],"collection":[{"href":"https:\/\/www.fbt.it\/it\/wp-json\/wp\/v2\/product"}],"about":[{"href":"https:\/\/www.fbt.it\/it\/wp-json\/wp\/v2\/types\/product"}],"replies":[{"embeddable":true,"href":"https:\/\/www.fbt.it\/it\/wp-json\/wp\/v2\/comments?post=23298"}],"wp:attachment":[{"href":"https:\/\/www.fbt.it\/it\/wp-json\/wp\/v2\/media?parent=23298"}],"wp:term":[{"taxonomy":"product-structure","embeddable":true,"href":"https:\/\/www.fbt.it\/it\/wp-json\/wp\/v2\/product-structure?post=23298"},{"taxonomy":"product_brand","embeddable":true,"href":"https:\/\/www.fbt.it\/it\/wp-json\/wp\/v2\/product_brand?post=23298"},{"taxonomy":"product_cat","embeddable":true,"href":"https:\/\/www.fbt.it\/it\/wp-json\/wp\/v2\/product_cat?post=23298"},{"taxonomy":"product_tag","embeddable":true,"href":"https:\/\/www.fbt.it\/it\/wp-json\/wp\/v2\/product_tag?post=23298"}],"curies":[{"name":"wp","href":"https:\/\/api.w.org\/{rel}","templated":true}]}}