{"id":23258,"date":"2025-07-14T15:09:25","date_gmt":"2025-07-14T13:09:25","guid":{"rendered":"https:\/\/fbt2.addictionlab.it\/product\/prodotto-8\/"},"modified":"2025-12-02T12:16:56","modified_gmt":"2025-12-02T11:16:56","slug":"mxa-series","status":"publish","type":"product","link":"https:\/\/www.fbt.it\/it\/product\/mxa-series\/","title":{"rendered":"MXA Series"},"content":{"rendered":"<p>Questi mixer-amplificatori integrati offrono il perfetto mix tra flessibilit\u00e0, funzionalit\u00e0 e convenienza. Uniscono le funzionalit\u00e0 di base di un mixer con finale di potenza a singolo canale. Progettata per essere versatile ed economica, la serie MXA \u00e8 composta da due modelli con una potenza di 60W o 120W in configurazioni di uscita Hi-Z o Low-Z. Dotati di ingressi mic\/line, selezione del programma, controlli di toni e di volume, questi amplificatori sono progettati per essere impiegati in diverse applicazioni, dalla musica di sottofondo alle chiamate, anche a scopo di emergenza. Gli intuitivi controlli del pannello frontale rendono questi amplificatori facili da gestire. Ogni canale di ingresso ha un controllo volume dedicato mentre il controllo principale gestisce il volume master, bassi e alti e interruttore di alimentazione.<\/p>\n","protected":false},"excerpt":{"rendered":"<p>Power Amplifiers<\/p>\n","protected":false},"featured_media":0,"comment_status":"open","ping_status":"closed","template":"","meta":{"_acf_changed":false,"_gspb_post_css":"","inline_featured_image":false,"_genesis_hide_title":false,"_genesis_hide_breadcrumbs":false,"_genesis_hide_singular_image":false,"_genesis_hide_footer_widgets":false,"_genesis_custom_body_class":"","_genesis_custom_post_class":"","_genesis_layout":"","_links_to":"","_links_to_target":""},"product-structure":[470],"product_brand":[],"product_cat":[22],"product_tag":[],"class_list":{"0":"post-23258","1":"product","2":"type-product","3":"status-publish","5":"product_cat-senza-categoria","6":"entry","8":"first","9":"instock","10":"shipping-taxable","11":"product-type-simple"},"acf":[],"yoast_head":"<!-- This site is optimized with the Yoast SEO plugin v26.6 - https:\/\/yoast.com\/wordpress\/plugins\/seo\/ -->\n<title>MXA Series - FBT<\/title>\n<meta name=\"robots\" content=\"index, follow, max-snippet:-1, max-image-preview:large, max-video-preview:-1\" \/>\n<link rel=\"canonical\" href=\"https:\/\/www.fbt.it\/it\/product\/mxa-series\/\" \/>\n<meta property=\"og:locale\" content=\"it_IT\" \/>\n<meta property=\"og:type\" content=\"article\" \/>\n<meta property=\"og:title\" content=\"MXA Series - FBT\" \/>\n<meta property=\"og:description\" content=\"Power Amplifiers\" \/>\n<meta property=\"og:url\" content=\"https:\/\/www.fbt.it\/it\/product\/mxa-series\/\" \/>\n<meta property=\"og:site_name\" content=\"FBT\" \/>\n<meta property=\"article:publisher\" content=\"https:\/\/www.facebook.com\/fbtelettronica\" \/>\n<meta property=\"article:modified_time\" content=\"2025-12-02T11:16:56+00:00\" \/>\n<meta name=\"twitter:card\" content=\"summary_large_image\" \/>\n<meta name=\"twitter:label1\" content=\"Tempo di lettura stimato\" \/>\n\t<meta name=\"twitter:data1\" content=\"1 minuto\" \/>\n<script type=\"application\/ld+json\" class=\"yoast-schema-graph\">{\"@context\":\"https:\/\/schema.org\",\"@graph\":[{\"@type\":\"WebPage\",\"@id\":\"https:\/\/www.fbt.it\/it\/product\/mxa-series\/\",\"url\":\"https:\/\/www.fbt.it\/it\/product\/mxa-series\/\",\"name\":\"MXA Series - FBT\",\"isPartOf\":{\"@id\":\"https:\/\/www.fbt.it\/it\/#website\"},\"datePublished\":\"2025-07-14T13:09:25+00:00\",\"dateModified\":\"2025-12-02T11:16:56+00:00\",\"breadcrumb\":{\"@id\":\"https:\/\/www.fbt.it\/it\/product\/mxa-series\/#breadcrumb\"},\"inLanguage\":\"it-IT\",\"potentialAction\":[{\"@type\":\"ReadAction\",\"target\":[\"https:\/\/www.fbt.it\/it\/product\/mxa-series\/\"]}]},{\"@type\":\"BreadcrumbList\",\"@id\":\"https:\/\/www.fbt.it\/it\/product\/mxa-series\/#breadcrumb\",\"itemListElement\":[{\"@type\":\"ListItem\",\"position\":1,\"name\":\"Home\",\"item\":\"https:\/\/www.fbt.it\/it\/\"},{\"@type\":\"ListItem\",\"position\":2,\"name\":\"Shop\",\"item\":\"https:\/\/www.fbt.it\/negozio\/\"},{\"@type\":\"ListItem\",\"position\":3,\"name\":\"MXA Series\"}]},{\"@type\":\"WebSite\",\"@id\":\"https:\/\/www.fbt.it\/it\/#website\",\"url\":\"https:\/\/www.fbt.it\/it\/\",\"name\":\"FBT\",\"description\":\"\",\"publisher\":{\"@id\":\"https:\/\/www.fbt.it\/it\/#organization\"},\"potentialAction\":[{\"@type\":\"SearchAction\",\"target\":{\"@type\":\"EntryPoint\",\"urlTemplate\":\"https:\/\/www.fbt.it\/it\/?s={search_term_string}\"},\"query-input\":{\"@type\":\"PropertyValueSpecification\",\"valueRequired\":true,\"valueName\":\"search_term_string\"}}],\"inLanguage\":\"it-IT\"},{\"@type\":\"Organization\",\"@id\":\"https:\/\/www.fbt.it\/it\/#organization\",\"name\":\"FBT\",\"url\":\"https:\/\/www.fbt.it\/it\/\",\"logo\":{\"@type\":\"ImageObject\",\"inLanguage\":\"it-IT\",\"@id\":\"https:\/\/www.fbt.it\/it\/#\/schema\/logo\/image\/\",\"url\":\"https:\/\/www.fbt.it\/wp-content\/uploads\/2024\/06\/thumbnail.png\",\"contentUrl\":\"https:\/\/www.fbt.it\/wp-content\/uploads\/2024\/06\/thumbnail.png\",\"width\":216,\"height\":122,\"caption\":\"FBT\"},\"image\":{\"@id\":\"https:\/\/www.fbt.it\/it\/#\/schema\/logo\/image\/\"},\"sameAs\":[\"https:\/\/www.facebook.com\/fbtelettronica\",\"https:\/\/www.youtube.com\/channel\/UCMXbrLQy7qECVUkjNLkxAaQ\"]}]}<\/script>\n<!-- \/ Yoast SEO plugin. -->","yoast_head_json":{"title":"MXA Series - FBT","robots":{"index":"index","follow":"follow","max-snippet":"max-snippet:-1","max-image-preview":"max-image-preview:large","max-video-preview":"max-video-preview:-1"},"canonical":"https:\/\/www.fbt.it\/it\/product\/mxa-series\/","og_locale":"it_IT","og_type":"article","og_title":"MXA Series - FBT","og_description":"Power Amplifiers","og_url":"https:\/\/www.fbt.it\/it\/product\/mxa-series\/","og_site_name":"FBT","article_publisher":"https:\/\/www.facebook.com\/fbtelettronica","article_modified_time":"2025-12-02T11:16:56+00:00","twitter_card":"summary_large_image","twitter_misc":{"Tempo di lettura stimato":"1 minuto"},"schema":{"@context":"https:\/\/schema.org","@graph":[{"@type":"WebPage","@id":"https:\/\/www.fbt.it\/it\/product\/mxa-series\/","url":"https:\/\/www.fbt.it\/it\/product\/mxa-series\/","name":"MXA Series - FBT","isPartOf":{"@id":"https:\/\/www.fbt.it\/it\/#website"},"datePublished":"2025-07-14T13:09:25+00:00","dateModified":"2025-12-02T11:16:56+00:00","breadcrumb":{"@id":"https:\/\/www.fbt.it\/it\/product\/mxa-series\/#breadcrumb"},"inLanguage":"it-IT","potentialAction":[{"@type":"ReadAction","target":["https:\/\/www.fbt.it\/it\/product\/mxa-series\/"]}]},{"@type":"BreadcrumbList","@id":"https:\/\/www.fbt.it\/it\/product\/mxa-series\/#breadcrumb","itemListElement":[{"@type":"ListItem","position":1,"name":"Home","item":"https:\/\/www.fbt.it\/it\/"},{"@type":"ListItem","position":2,"name":"Shop","item":"https:\/\/www.fbt.it\/negozio\/"},{"@type":"ListItem","position":3,"name":"MXA Series"}]},{"@type":"WebSite","@id":"https:\/\/www.fbt.it\/it\/#website","url":"https:\/\/www.fbt.it\/it\/","name":"FBT","description":"","publisher":{"@id":"https:\/\/www.fbt.it\/it\/#organization"},"potentialAction":[{"@type":"SearchAction","target":{"@type":"EntryPoint","urlTemplate":"https:\/\/www.fbt.it\/it\/?s={search_term_string}"},"query-input":{"@type":"PropertyValueSpecification","valueRequired":true,"valueName":"search_term_string"}}],"inLanguage":"it-IT"},{"@type":"Organization","@id":"https:\/\/www.fbt.it\/it\/#organization","name":"FBT","url":"https:\/\/www.fbt.it\/it\/","logo":{"@type":"ImageObject","inLanguage":"it-IT","@id":"https:\/\/www.fbt.it\/it\/#\/schema\/logo\/image\/","url":"https:\/\/www.fbt.it\/wp-content\/uploads\/2024\/06\/thumbnail.png","contentUrl":"https:\/\/www.fbt.it\/wp-content\/uploads\/2024\/06\/thumbnail.png","width":216,"height":122,"caption":"FBT"},"image":{"@id":"https:\/\/www.fbt.it\/it\/#\/schema\/logo\/image\/"},"sameAs":["https:\/\/www.facebook.com\/fbtelettronica","https:\/\/www.youtube.com\/channel\/UCMXbrLQy7qECVUkjNLkxAaQ"]}]}},"_links":{"self":[{"href":"https:\/\/www.fbt.it\/it\/wp-json\/wp\/v2\/product\/23258","targetHints":{"allow":["GET"]}}],"collection":[{"href":"https:\/\/www.fbt.it\/it\/wp-json\/wp\/v2\/product"}],"about":[{"href":"https:\/\/www.fbt.it\/it\/wp-json\/wp\/v2\/types\/product"}],"replies":[{"embeddable":true,"href":"https:\/\/www.fbt.it\/it\/wp-json\/wp\/v2\/comments?post=23258"}],"wp:attachment":[{"href":"https:\/\/www.fbt.it\/it\/wp-json\/wp\/v2\/media?parent=23258"}],"wp:term":[{"taxonomy":"product-structure","embeddable":true,"href":"https:\/\/www.fbt.it\/it\/wp-json\/wp\/v2\/product-structure?post=23258"},{"taxonomy":"product_brand","embeddable":true,"href":"https:\/\/www.fbt.it\/it\/wp-json\/wp\/v2\/product_brand?post=23258"},{"taxonomy":"product_cat","embeddable":true,"href":"https:\/\/www.fbt.it\/it\/wp-json\/wp\/v2\/product_cat?post=23258"},{"taxonomy":"product_tag","embeddable":true,"href":"https:\/\/www.fbt.it\/it\/wp-json\/wp\/v2\/product_tag?post=23258"}],"curies":[{"name":"wp","href":"https:\/\/api.w.org\/{rel}","templated":true}]}}