{"id":23237,"date":"2025-07-14T16:35:15","date_gmt":"2025-07-14T14:35:15","guid":{"rendered":"https:\/\/fbt2.addictionlab.it\/product\/prodotto-8\/"},"modified":"2025-12-04T09:12:01","modified_gmt":"2025-12-04T08:12:01","slug":"mitus-5","status":"publish","type":"product","link":"https:\/\/www.fbt.it\/it\/product\/mitus-5\/","title":{"rendered":"MITUS"},"content":{"rendered":"<p><b style=&#39;&#39;><font size=&#39;4&#39;>Una gamma completa di diffusori 2 vie per applicazione FOH, subwoofers, stage monitor e line arrays in versione biamplificata e passiva.<\/font><\/b><\/p>\n<div style=&#39;font-size: 13px;&#39;><\/div>\n<div style=&#39;font-size: 13px;&#39;>Il <b>MITUS 206LA<\/b> \u00e8 il modello di punta della gamma MITUS. Un line array con <b>2 woofer da 165 mm<\/b> <b>(6,5\u201d)<\/b> e driver con bocca da 36mm (1,4\u201d) accoppiato ad una guida d\u2019onda, progettato per rispettare i criteri fisici della sorgente cilindrica ideale in tutto il range audio.<\/div>\n<div style=&#39;font-size: 13px;&#39;>Il <b>MITUS 212FSA<\/b> \u00e8 un subwoofer da 2x320mm (2&#215;12\u201d) compatto con meccanica di sospensione integrata, ideale per estendere le basse frequenze del MITUS 206LA in configurazione line array appesa o a terra. <\/div>\n<div style=&#39;font-size: 13px;&#39;>Completano la gamma di subwoofers i modelli <b>MITUS 118SA<\/b>, il nuovo <b>MITUS 218SA<\/b> e <b>MITUS 121SA <\/b>rispettivamente con <b>woofer da 460 mm (18\u201d), doppio 18\u201d e 530 mm (21\u201d)<\/b>, si integrano perfettamente con i satelliti MITUS nel live o per installazione fissa rafforzando ed estendendo la gamma bassa con l\u2019alto SPL di cui sono capaci. <\/div>\n<div style=&#39;font-size: 13px;&#39;><b>MITUS 115A, 112A<\/b>, i nuovi <b>152A<\/b> e <b>215A<\/b> sono diffusori biamplificati FOH a 2 vie adatti ad un ampia gamma di applicazioni, specialmente se accoppiati con i sub MITUS. <\/div>\n<div style=&#39;font-size: 13px;&#39;>Con un basso ed elegante profilo del cabinet, il <b>MITUS 210MA<\/b> \u00e8 indubbiamente il monitor da palco tecnologicamente pi\u00f9 avanzato della sua classe. <b>Due woofer da 250 mm (10\u201d) di cui uno coassiale<\/b> con driver da 36 mm (1,4\u201d) di bocca garantiscono altissima fedelt\u00e0 e riserva dinamica per tutte le performance live o TV broadcasts. <\/div>\n<div style=&#39;font-size: 13px;&#39;><\/div>\n<div style=&#39;font-size: 13px;&#39;>\n<ul>\n<li>Altoparlanti <b>B&amp;C custom FBT al neodimio<\/b> di altissima qualit\u00e0<\/li>\n<li><b>Driver a compressione B&amp;C<\/b> di ultima generazione<\/li>\n<li>Modulo <b>amplificatore in classe D<\/b> ad alta efficienza con alimentatore switching inscatolato in un <b>guscio in pressofusione di alluminio<\/b>. Questo permette di proteggere l\u2019elettronica, evitare perdita d\u2019aria dai controlli, massimizzare la dissipazione di calore. Ci\u00f2 ha permesso di realizzare un <b>amplificatore da 1200 W leggerissimo, soltanto 3,2 Kg!<\/b><\/li>\n<li>Processore digitale di segnale a <b>DSP<\/b> con convertitori A\/D &#8211; D\/A a bassissimo rumore. Oltre alle normali, permette di avere <b>8 presets<\/b> selezionabili con un commutatore. E\u2019 possibile quindi adattare il timbro del diffusore alle varie applicazioni o semplicemente all\u2019orecchio dell\u2019utilizzatore.<\/li>\n<li>Connettori di alimentazione <b>Neutrik Powerconn IN e LINK<\/b><\/li>\n<li><b>Maniglia in pressofusione di alluminio<\/b> con inserto in gomma<\/li>\n<li>Vasta disponibilit\u00e0 di accessori e predisposizioni<\/li>\n<li>Rete frontale robusta ed antirisonante con l\u2019impiego di uno speciale <b>tessuto sintetico di protezione<\/b>. Totale trasparenza acustica, massima repellenza agli agenti atmosferici, lunga durata nel tempo e raffinatezza estetica<\/li>\n<\/ul>\n<p>Un <b>sistema true line array<\/b> innovativo dall\u2019ingegnerizzazione raffinata, tecnologicamente avanzato. Queste le doti del nuovo diffusore che ridefinisce il concetto di line array in termini di potenza, dimensioni, leggerezza, flessibilit\u00e0 e praticit\u00e0 di utilizzo. La modularit\u00e0 da <b>2 fino a 12<\/b> o 16 diffusori permette l\u2019utilizzo in una grande variet\u00e0 di situazioni, dalla piccola band fino al grande concerto all\u2019aperto. La guida d\u2019onda, ottimizzata con simulazioni ad elementi finiti <b>BEM<\/b> per minimizzare la distorsione, ha una dispersione orizzontale di <b>100\u00b0<\/b>. <\/div>\n<div style=&#39;font-size: 13px;&#39;><b>L\u2019hardware integrato nel cabinet<\/b> permette la sospensione di 12 box con fattore di sicurezza <b>10:1<\/b> ed un\u2019inclinazione da <b>0\u00b0 a 10\u00b0 a step di 2\u00b0<\/b> regolando soltanto un pin. Il modulo amplificatore in pressofusione di alluminio da <b>600+300Wrms PWM con alimentazione switching<\/b>, funge anche da struttura portante per la sospensione e permette la regolazione dell\u2019angolo di inclinazione. Il processore di segnale digitale a <b>DSP con 8 preset<\/b> permette di configurare il sistema in funzione della curvatura e del numero di diffusori.<\/div>\n<div style=&#39;font-size: 13px;&#39;>Per estendere le basse frequenze, il subwoofer <b>MITUS 212FSA<\/b> \u00e8 il compagno ideale del MITUS 206LA. Pu\u00f2 funzionare in abbinamento con uno degli altri due subwoofer della gamma <b>MITUS (118SA, 218SA e 121SA)<\/b> settando questi con il preset <b>\u201cINFRA\u201d<\/b>. Tramite l\u2019<b>FBT aiming software per PC<\/b> \u00e8 possibile simulare la distribuzione di SPL e la risposta in frequenza nell\u2019area di ascolto.<\/div>\n","protected":false},"excerpt":{"rendered":"<p>PASSIVE SOUND REINFORCEMENT SYSTEMS<\/p>\n","protected":false},"featured_media":0,"comment_status":"open","ping_status":"closed","template":"","meta":{"_acf_changed":false,"_gspb_post_css":"","inline_featured_image":false,"_genesis_hide_title":false,"_genesis_hide_breadcrumbs":false,"_genesis_hide_singular_image":false,"_genesis_hide_footer_widgets":false,"_genesis_custom_body_class":"","_genesis_custom_post_class":"","_genesis_layout":"","_links_to":"","_links_to_target":""},"product-structure":[470],"product_brand":[],"product_cat":[3035,3035],"product_tag":[],"class_list":{"0":"post-23237","1":"product","2":"type-product","3":"status-publish","5":"product_cat-catalogo","7":"entry","9":"first","10":"instock","11":"shipping-taxable","12":"product-type-simple"},"acf":[],"yoast_head":"<!-- This site is optimized with the Yoast SEO plugin v26.6 - https:\/\/yoast.com\/wordpress\/plugins\/seo\/ -->\n<title>MITUS - FBT<\/title>\n<meta name=\"robots\" content=\"index, follow, max-snippet:-1, max-image-preview:large, max-video-preview:-1\" \/>\n<link rel=\"canonical\" href=\"https:\/\/www.fbt.it\/it\/product\/mitus-5\/\" \/>\n<meta property=\"og:locale\" content=\"it_IT\" \/>\n<meta property=\"og:type\" content=\"article\" \/>\n<meta property=\"og:title\" content=\"MITUS - FBT\" \/>\n<meta property=\"og:description\" content=\"PASSIVE SOUND REINFORCEMENT SYSTEMS\" \/>\n<meta property=\"og:url\" content=\"https:\/\/www.fbt.it\/it\/product\/mitus-5\/\" \/>\n<meta property=\"og:site_name\" content=\"FBT\" \/>\n<meta property=\"article:publisher\" content=\"https:\/\/www.facebook.com\/fbtelettronica\" \/>\n<meta property=\"article:modified_time\" content=\"2025-12-04T08:12:01+00:00\" \/>\n<meta name=\"twitter:card\" content=\"summary_large_image\" \/>\n<meta name=\"twitter:label1\" content=\"Tempo di lettura stimato\" \/>\n\t<meta name=\"twitter:data1\" content=\"1 minuto\" \/>\n<script type=\"application\/ld+json\" class=\"yoast-schema-graph\">{\"@context\":\"https:\/\/schema.org\",\"@graph\":[{\"@type\":\"WebPage\",\"@id\":\"https:\/\/www.fbt.it\/it\/product\/mitus-5\/\",\"url\":\"https:\/\/www.fbt.it\/it\/product\/mitus-5\/\",\"name\":\"MITUS - FBT\",\"isPartOf\":{\"@id\":\"https:\/\/www.fbt.it\/it\/#website\"},\"datePublished\":\"2025-07-14T14:35:15+00:00\",\"dateModified\":\"2025-12-04T08:12:01+00:00\",\"breadcrumb\":{\"@id\":\"https:\/\/www.fbt.it\/it\/product\/mitus-5\/#breadcrumb\"},\"inLanguage\":\"it-IT\",\"potentialAction\":[{\"@type\":\"ReadAction\",\"target\":[\"https:\/\/www.fbt.it\/it\/product\/mitus-5\/\"]}]},{\"@type\":\"BreadcrumbList\",\"@id\":\"https:\/\/www.fbt.it\/it\/product\/mitus-5\/#breadcrumb\",\"itemListElement\":[{\"@type\":\"ListItem\",\"position\":1,\"name\":\"Home\",\"item\":\"https:\/\/www.fbt.it\/it\/\"},{\"@type\":\"ListItem\",\"position\":2,\"name\":\"Shop\",\"item\":\"https:\/\/www.fbt.it\/negozio\/\"},{\"@type\":\"ListItem\",\"position\":3,\"name\":\"MITUS\"}]},{\"@type\":\"WebSite\",\"@id\":\"https:\/\/www.fbt.it\/it\/#website\",\"url\":\"https:\/\/www.fbt.it\/it\/\",\"name\":\"FBT\",\"description\":\"\",\"publisher\":{\"@id\":\"https:\/\/www.fbt.it\/it\/#organization\"},\"potentialAction\":[{\"@type\":\"SearchAction\",\"target\":{\"@type\":\"EntryPoint\",\"urlTemplate\":\"https:\/\/www.fbt.it\/it\/?s={search_term_string}\"},\"query-input\":{\"@type\":\"PropertyValueSpecification\",\"valueRequired\":true,\"valueName\":\"search_term_string\"}}],\"inLanguage\":\"it-IT\"},{\"@type\":\"Organization\",\"@id\":\"https:\/\/www.fbt.it\/it\/#organization\",\"name\":\"FBT\",\"url\":\"https:\/\/www.fbt.it\/it\/\",\"logo\":{\"@type\":\"ImageObject\",\"inLanguage\":\"it-IT\",\"@id\":\"https:\/\/www.fbt.it\/it\/#\/schema\/logo\/image\/\",\"url\":\"https:\/\/www.fbt.it\/wp-content\/uploads\/2024\/06\/thumbnail.png\",\"contentUrl\":\"https:\/\/www.fbt.it\/wp-content\/uploads\/2024\/06\/thumbnail.png\",\"width\":216,\"height\":122,\"caption\":\"FBT\"},\"image\":{\"@id\":\"https:\/\/www.fbt.it\/it\/#\/schema\/logo\/image\/\"},\"sameAs\":[\"https:\/\/www.facebook.com\/fbtelettronica\",\"https:\/\/www.youtube.com\/channel\/UCMXbrLQy7qECVUkjNLkxAaQ\"]}]}<\/script>\n<!-- \/ Yoast SEO plugin. -->","yoast_head_json":{"title":"MITUS - FBT","robots":{"index":"index","follow":"follow","max-snippet":"max-snippet:-1","max-image-preview":"max-image-preview:large","max-video-preview":"max-video-preview:-1"},"canonical":"https:\/\/www.fbt.it\/it\/product\/mitus-5\/","og_locale":"it_IT","og_type":"article","og_title":"MITUS - FBT","og_description":"PASSIVE SOUND REINFORCEMENT SYSTEMS","og_url":"https:\/\/www.fbt.it\/it\/product\/mitus-5\/","og_site_name":"FBT","article_publisher":"https:\/\/www.facebook.com\/fbtelettronica","article_modified_time":"2025-12-04T08:12:01+00:00","twitter_card":"summary_large_image","twitter_misc":{"Tempo di lettura stimato":"1 minuto"},"schema":{"@context":"https:\/\/schema.org","@graph":[{"@type":"WebPage","@id":"https:\/\/www.fbt.it\/it\/product\/mitus-5\/","url":"https:\/\/www.fbt.it\/it\/product\/mitus-5\/","name":"MITUS - FBT","isPartOf":{"@id":"https:\/\/www.fbt.it\/it\/#website"},"datePublished":"2025-07-14T14:35:15+00:00","dateModified":"2025-12-04T08:12:01+00:00","breadcrumb":{"@id":"https:\/\/www.fbt.it\/it\/product\/mitus-5\/#breadcrumb"},"inLanguage":"it-IT","potentialAction":[{"@type":"ReadAction","target":["https:\/\/www.fbt.it\/it\/product\/mitus-5\/"]}]},{"@type":"BreadcrumbList","@id":"https:\/\/www.fbt.it\/it\/product\/mitus-5\/#breadcrumb","itemListElement":[{"@type":"ListItem","position":1,"name":"Home","item":"https:\/\/www.fbt.it\/it\/"},{"@type":"ListItem","position":2,"name":"Shop","item":"https:\/\/www.fbt.it\/negozio\/"},{"@type":"ListItem","position":3,"name":"MITUS"}]},{"@type":"WebSite","@id":"https:\/\/www.fbt.it\/it\/#website","url":"https:\/\/www.fbt.it\/it\/","name":"FBT","description":"","publisher":{"@id":"https:\/\/www.fbt.it\/it\/#organization"},"potentialAction":[{"@type":"SearchAction","target":{"@type":"EntryPoint","urlTemplate":"https:\/\/www.fbt.it\/it\/?s={search_term_string}"},"query-input":{"@type":"PropertyValueSpecification","valueRequired":true,"valueName":"search_term_string"}}],"inLanguage":"it-IT"},{"@type":"Organization","@id":"https:\/\/www.fbt.it\/it\/#organization","name":"FBT","url":"https:\/\/www.fbt.it\/it\/","logo":{"@type":"ImageObject","inLanguage":"it-IT","@id":"https:\/\/www.fbt.it\/it\/#\/schema\/logo\/image\/","url":"https:\/\/www.fbt.it\/wp-content\/uploads\/2024\/06\/thumbnail.png","contentUrl":"https:\/\/www.fbt.it\/wp-content\/uploads\/2024\/06\/thumbnail.png","width":216,"height":122,"caption":"FBT"},"image":{"@id":"https:\/\/www.fbt.it\/it\/#\/schema\/logo\/image\/"},"sameAs":["https:\/\/www.facebook.com\/fbtelettronica","https:\/\/www.youtube.com\/channel\/UCMXbrLQy7qECVUkjNLkxAaQ"]}]}},"_links":{"self":[{"href":"https:\/\/www.fbt.it\/it\/wp-json\/wp\/v2\/product\/23237","targetHints":{"allow":["GET"]}}],"collection":[{"href":"https:\/\/www.fbt.it\/it\/wp-json\/wp\/v2\/product"}],"about":[{"href":"https:\/\/www.fbt.it\/it\/wp-json\/wp\/v2\/types\/product"}],"replies":[{"embeddable":true,"href":"https:\/\/www.fbt.it\/it\/wp-json\/wp\/v2\/comments?post=23237"}],"wp:attachment":[{"href":"https:\/\/www.fbt.it\/it\/wp-json\/wp\/v2\/media?parent=23237"}],"wp:term":[{"taxonomy":"product-structure","embeddable":true,"href":"https:\/\/www.fbt.it\/it\/wp-json\/wp\/v2\/product-structure?post=23237"},{"taxonomy":"product_brand","embeddable":true,"href":"https:\/\/www.fbt.it\/it\/wp-json\/wp\/v2\/product_brand?post=23237"},{"taxonomy":"product_cat","embeddable":true,"href":"https:\/\/www.fbt.it\/it\/wp-json\/wp\/v2\/product_cat?post=23237"},{"taxonomy":"product_tag","embeddable":true,"href":"https:\/\/www.fbt.it\/it\/wp-json\/wp\/v2\/product_tag?post=23237"}],"curies":[{"name":"wp","href":"https:\/\/api.w.org\/{rel}","templated":true}]}}