{"id":23007,"date":"2025-07-14T16:57:59","date_gmt":"2025-07-14T14:57:59","guid":{"rendered":"https:\/\/fbt2.addictionlab.it\/product\/prodotto-3\/"},"modified":"2026-03-11T16:02:28","modified_gmt":"2026-03-11T15:02:28","slug":"q-118sa","status":"publish","type":"product","link":"https:\/\/www.fbt.it\/it\/product\/q-118sa\/","title":{"rendered":"Q 118SA"},"content":{"rendered":"<p><b>ORIGINAL<\/b>: preset di utilizzo generale adatto per la maggior parte delle applicazioni. Il filtro passa basso \u00e8 settato a 95Hz, il limiter di picco \u00e8 tarato per avere il miglior compromesso tra elevato SPL e bassa distorsione <\/p>\n<div><\/div>\n<div> <b>DEEP<\/b>: questo preset estende ed enfatizza la gamma bassa del subwoofer intorno ai 40Hz. Il passa basso \u00e8 settato a 95Hz, il limiter \u00e8 molto veloce e garantisce una totale pulizia del suono eliminando qualsiasi distorsione dovuta al clipping dell\u2019amplificatore. Ci\u00f2 comporta inevitabilmente una piccola riduzione dela massimo SPL. Adatto generalmente per applicazioni dove \u00e8 richiesta una alta purezza del suono e la massima estensione verso le basse frequenze. <\/div>\n<div><\/div>\n<div> <b>PUNCH<\/b>: Preset per avere la massima concentrazione di energia nel range di frequenza 60 \u2013 95Hz. Adatto al rock ed applicazioni ad alta energia. Il limiter di picco \u00e8 meno restrittivo, la massima pressione sonora cresce  a scapito della distorsione che diventa leggermente pi\u00f9 marcata. Il passa basso \u00e8 settato a 95Hz    INFRA: Simile ad <\/div>\n<div><\/div>\n<div><b>DEEP <\/b>in termini di estensione ed assenza di distorsione, si differenzia soprattutto per il settaggio del filtro passa basso che \u00e8 tarato a 75Hz. Ci\u00f2 permette di far funzionare il sub ground stack in sistemi dove sono presenti anche subwoofer flying. Grazie alla presenza di un filtro all-pass x il riallineamento della fase, la sovrapposizione di frequenze tra i due subwoofernel range 50Hz \u2013 75Hz risulta perfettamente in fase.         <\/div>\n<div><\/div>\n<div><b>ORIGINAL 1 FRONT<\/b>: preset da utilizzare in sistemi con due subwoofer, nel diffusore rivolto verso l&#39;audience impostare il preset ORIGINAL    <\/div>\n<div><b>ORIGINAL 2 FRONT<\/b>: preset da utilizzare in sistemi con tre subwoofer, nei due diffusori rivolti verso l&#39;audience impostare il preset ORIGINAL <\/div>\n<div><\/div>\n<div>\n<ul>\n<li>Subwoofer amplificato in bass-reflex <\/li>\n<li> Woofer <b>B&amp;C da 460mm<\/b> ad alta escursione con bobina da 100mm <\/li>\n<li> Risposta in frequenza da <b>30Hz a 100Hz<\/b> <\/li>\n<li> Amplificatore in <b>classe D da 1200Wrms<\/b> con alimentatore switching <\/li>\n<li> Processore <b>DSP<\/b> con 6 <b>presets<\/b>, delay a 6 step  <\/li>\n<li>Pannello di controllo con <b>XLR input e link STEREO<\/b>, volume, presets, delay, fase 0\u00b0-180\u00b0, status led  <\/li>\n<li><b>Box in multistrato di betulla<\/b> da 18mm con verniciatura antigraffio <\/li>\n<li> Due supporti per stativo <b>M20<\/b> e  4 maniglie in alluminio FBT, predisposizione per 4 ruote da 100mm  <\/li>\n<li>Predisposizione per supporto sistemi MITUS 206 e MUSE 210 in ground stack  <\/li>\n<li>8 gommini rigidi per utilizzo su lato corto o lungo <\/li>\n<li> Griglia estremamente robusta con tessuto protettivo <\/li>\n<li> Ideale per rinforzare ed estendere la gamma bassa di una vasta gamma di speakers FBT<\/li>\n<\/ul>\n<\/div>\n","protected":false},"excerpt":{"rendered":"<p>ACTIVE SUBWOOFER<\/p>\n","protected":false},"featured_media":27977,"comment_status":"open","ping_status":"closed","template":"","meta":{"_acf_changed":false,"_gspb_post_css":"","inline_featured_image":false,"_genesis_hide_title":false,"_genesis_hide_breadcrumbs":false,"_genesis_hide_singular_image":false,"_genesis_hide_footer_widgets":false,"_genesis_custom_body_class":"","_genesis_custom_post_class":"","_genesis_layout":"","_links_to":"","_links_to_target":""},"product-structure":[476],"product_brand":[],"product_cat":[2919,2848,2507,2692,2696,2830,2830,2503,2633,2625,2611],"product_tag":[],"class_list":{"0":"post-23007","1":"product","2":"type-product","3":"status-publish","4":"has-post-thumbnail","6":"product_cat-2919","7":"product_cat-2848","8":"product_cat-active","9":"product_cat-cabinet","10":"product_cat-legno","11":"product_cat-low-frequency-woofer","13":"product_cat-pwered","14":"product_cat-speakers","15":"product_cat-subwoofers","16":"product_cat-tipologie","17":"entry","19":"first","20":"instock","21":"shipping-taxable","22":"product-type-simple"},"acf":[],"yoast_head":"<!-- This site is optimized with the Yoast SEO plugin v26.6 - https:\/\/yoast.com\/wordpress\/plugins\/seo\/ -->\n<title>Q 118SA - FBT<\/title>\n<meta name=\"robots\" content=\"index, follow, max-snippet:-1, max-image-preview:large, max-video-preview:-1\" \/>\n<link rel=\"canonical\" href=\"https:\/\/www.fbt.it\/it\/product\/q-118sa\/\" \/>\n<meta property=\"og:locale\" content=\"it_IT\" \/>\n<meta property=\"og:type\" content=\"article\" \/>\n<meta property=\"og:title\" content=\"Q 118SA - FBT\" \/>\n<meta property=\"og:description\" content=\"ACTIVE SUBWOOFER\" \/>\n<meta property=\"og:url\" content=\"https:\/\/www.fbt.it\/it\/product\/q-118sa\/\" \/>\n<meta property=\"og:site_name\" content=\"FBT\" \/>\n<meta property=\"article:publisher\" content=\"https:\/\/www.facebook.com\/fbtelettronica\" \/>\n<meta property=\"article:modified_time\" content=\"2026-03-11T15:02:28+00:00\" \/>\n<meta property=\"og:image\" content=\"https:\/\/www.fbt.it\/wp-content\/uploads\/2026\/03\/Q_fronte.png\" \/>\n\t<meta property=\"og:image:width\" content=\"1000\" \/>\n\t<meta property=\"og:image:height\" content=\"750\" \/>\n\t<meta property=\"og:image:type\" content=\"image\/png\" \/>\n<meta name=\"twitter:card\" content=\"summary_large_image\" \/>\n<meta name=\"twitter:label1\" content=\"Tempo di lettura stimato\" \/>\n\t<meta name=\"twitter:data1\" content=\"2 minuti\" \/>\n<script type=\"application\/ld+json\" class=\"yoast-schema-graph\">{\"@context\":\"https:\/\/schema.org\",\"@graph\":[{\"@type\":\"WebPage\",\"@id\":\"https:\/\/www.fbt.it\/it\/product\/q-118sa\/\",\"url\":\"https:\/\/www.fbt.it\/it\/product\/q-118sa\/\",\"name\":\"Q 118SA - FBT\",\"isPartOf\":{\"@id\":\"https:\/\/www.fbt.it\/it\/#website\"},\"primaryImageOfPage\":{\"@id\":\"https:\/\/www.fbt.it\/it\/product\/q-118sa\/#primaryimage\"},\"image\":{\"@id\":\"https:\/\/www.fbt.it\/it\/product\/q-118sa\/#primaryimage\"},\"thumbnailUrl\":\"https:\/\/www.fbt.it\/wp-content\/uploads\/2026\/03\/Q_fronte.png\",\"datePublished\":\"2025-07-14T14:57:59+00:00\",\"dateModified\":\"2026-03-11T15:02:28+00:00\",\"breadcrumb\":{\"@id\":\"https:\/\/www.fbt.it\/it\/product\/q-118sa\/#breadcrumb\"},\"inLanguage\":\"it-IT\",\"potentialAction\":[{\"@type\":\"ReadAction\",\"target\":[\"https:\/\/www.fbt.it\/it\/product\/q-118sa\/\"]}]},{\"@type\":\"ImageObject\",\"inLanguage\":\"it-IT\",\"@id\":\"https:\/\/www.fbt.it\/it\/product\/q-118sa\/#primaryimage\",\"url\":\"https:\/\/www.fbt.it\/wp-content\/uploads\/2026\/03\/Q_fronte.png\",\"contentUrl\":\"https:\/\/www.fbt.it\/wp-content\/uploads\/2026\/03\/Q_fronte.png\",\"width\":1000,\"height\":750},{\"@type\":\"BreadcrumbList\",\"@id\":\"https:\/\/www.fbt.it\/it\/product\/q-118sa\/#breadcrumb\",\"itemListElement\":[{\"@type\":\"ListItem\",\"position\":1,\"name\":\"Home\",\"item\":\"https:\/\/www.fbt.it\/it\/\"},{\"@type\":\"ListItem\",\"position\":2,\"name\":\"Shop\",\"item\":\"https:\/\/www.fbt.it\/negozio\/\"},{\"@type\":\"ListItem\",\"position\":3,\"name\":\"Q 118SA\"}]},{\"@type\":\"WebSite\",\"@id\":\"https:\/\/www.fbt.it\/it\/#website\",\"url\":\"https:\/\/www.fbt.it\/it\/\",\"name\":\"FBT\",\"description\":\"\",\"publisher\":{\"@id\":\"https:\/\/www.fbt.it\/it\/#organization\"},\"potentialAction\":[{\"@type\":\"SearchAction\",\"target\":{\"@type\":\"EntryPoint\",\"urlTemplate\":\"https:\/\/www.fbt.it\/it\/?s={search_term_string}\"},\"query-input\":{\"@type\":\"PropertyValueSpecification\",\"valueRequired\":true,\"valueName\":\"search_term_string\"}}],\"inLanguage\":\"it-IT\"},{\"@type\":\"Organization\",\"@id\":\"https:\/\/www.fbt.it\/it\/#organization\",\"name\":\"FBT\",\"url\":\"https:\/\/www.fbt.it\/it\/\",\"logo\":{\"@type\":\"ImageObject\",\"inLanguage\":\"it-IT\",\"@id\":\"https:\/\/www.fbt.it\/it\/#\/schema\/logo\/image\/\",\"url\":\"https:\/\/www.fbt.it\/wp-content\/uploads\/2024\/06\/thumbnail.png\",\"contentUrl\":\"https:\/\/www.fbt.it\/wp-content\/uploads\/2024\/06\/thumbnail.png\",\"width\":216,\"height\":122,\"caption\":\"FBT\"},\"image\":{\"@id\":\"https:\/\/www.fbt.it\/it\/#\/schema\/logo\/image\/\"},\"sameAs\":[\"https:\/\/www.facebook.com\/fbtelettronica\",\"https:\/\/www.youtube.com\/channel\/UCMXbrLQy7qECVUkjNLkxAaQ\"]}]}<\/script>\n<!-- \/ Yoast SEO plugin. -->","yoast_head_json":{"title":"Q 118SA - FBT","robots":{"index":"index","follow":"follow","max-snippet":"max-snippet:-1","max-image-preview":"max-image-preview:large","max-video-preview":"max-video-preview:-1"},"canonical":"https:\/\/www.fbt.it\/it\/product\/q-118sa\/","og_locale":"it_IT","og_type":"article","og_title":"Q 118SA - FBT","og_description":"ACTIVE SUBWOOFER","og_url":"https:\/\/www.fbt.it\/it\/product\/q-118sa\/","og_site_name":"FBT","article_publisher":"https:\/\/www.facebook.com\/fbtelettronica","article_modified_time":"2026-03-11T15:02:28+00:00","og_image":[{"width":1000,"height":750,"url":"https:\/\/www.fbt.it\/wp-content\/uploads\/2026\/03\/Q_fronte.png","type":"image\/png"}],"twitter_card":"summary_large_image","twitter_misc":{"Tempo di lettura stimato":"2 minuti"},"schema":{"@context":"https:\/\/schema.org","@graph":[{"@type":"WebPage","@id":"https:\/\/www.fbt.it\/it\/product\/q-118sa\/","url":"https:\/\/www.fbt.it\/it\/product\/q-118sa\/","name":"Q 118SA - FBT","isPartOf":{"@id":"https:\/\/www.fbt.it\/it\/#website"},"primaryImageOfPage":{"@id":"https:\/\/www.fbt.it\/it\/product\/q-118sa\/#primaryimage"},"image":{"@id":"https:\/\/www.fbt.it\/it\/product\/q-118sa\/#primaryimage"},"thumbnailUrl":"https:\/\/www.fbt.it\/wp-content\/uploads\/2026\/03\/Q_fronte.png","datePublished":"2025-07-14T14:57:59+00:00","dateModified":"2026-03-11T15:02:28+00:00","breadcrumb":{"@id":"https:\/\/www.fbt.it\/it\/product\/q-118sa\/#breadcrumb"},"inLanguage":"it-IT","potentialAction":[{"@type":"ReadAction","target":["https:\/\/www.fbt.it\/it\/product\/q-118sa\/"]}]},{"@type":"ImageObject","inLanguage":"it-IT","@id":"https:\/\/www.fbt.it\/it\/product\/q-118sa\/#primaryimage","url":"https:\/\/www.fbt.it\/wp-content\/uploads\/2026\/03\/Q_fronte.png","contentUrl":"https:\/\/www.fbt.it\/wp-content\/uploads\/2026\/03\/Q_fronte.png","width":1000,"height":750},{"@type":"BreadcrumbList","@id":"https:\/\/www.fbt.it\/it\/product\/q-118sa\/#breadcrumb","itemListElement":[{"@type":"ListItem","position":1,"name":"Home","item":"https:\/\/www.fbt.it\/it\/"},{"@type":"ListItem","position":2,"name":"Shop","item":"https:\/\/www.fbt.it\/negozio\/"},{"@type":"ListItem","position":3,"name":"Q 118SA"}]},{"@type":"WebSite","@id":"https:\/\/www.fbt.it\/it\/#website","url":"https:\/\/www.fbt.it\/it\/","name":"FBT","description":"","publisher":{"@id":"https:\/\/www.fbt.it\/it\/#organization"},"potentialAction":[{"@type":"SearchAction","target":{"@type":"EntryPoint","urlTemplate":"https:\/\/www.fbt.it\/it\/?s={search_term_string}"},"query-input":{"@type":"PropertyValueSpecification","valueRequired":true,"valueName":"search_term_string"}}],"inLanguage":"it-IT"},{"@type":"Organization","@id":"https:\/\/www.fbt.it\/it\/#organization","name":"FBT","url":"https:\/\/www.fbt.it\/it\/","logo":{"@type":"ImageObject","inLanguage":"it-IT","@id":"https:\/\/www.fbt.it\/it\/#\/schema\/logo\/image\/","url":"https:\/\/www.fbt.it\/wp-content\/uploads\/2024\/06\/thumbnail.png","contentUrl":"https:\/\/www.fbt.it\/wp-content\/uploads\/2024\/06\/thumbnail.png","width":216,"height":122,"caption":"FBT"},"image":{"@id":"https:\/\/www.fbt.it\/it\/#\/schema\/logo\/image\/"},"sameAs":["https:\/\/www.facebook.com\/fbtelettronica","https:\/\/www.youtube.com\/channel\/UCMXbrLQy7qECVUkjNLkxAaQ"]}]}},"_links":{"self":[{"href":"https:\/\/www.fbt.it\/it\/wp-json\/wp\/v2\/product\/23007","targetHints":{"allow":["GET"]}}],"collection":[{"href":"https:\/\/www.fbt.it\/it\/wp-json\/wp\/v2\/product"}],"about":[{"href":"https:\/\/www.fbt.it\/it\/wp-json\/wp\/v2\/types\/product"}],"replies":[{"embeddable":true,"href":"https:\/\/www.fbt.it\/it\/wp-json\/wp\/v2\/comments?post=23007"}],"wp:featuredmedia":[{"embeddable":true,"href":"https:\/\/www.fbt.it\/it\/wp-json\/wp\/v2\/media\/27977"}],"wp:attachment":[{"href":"https:\/\/www.fbt.it\/it\/wp-json\/wp\/v2\/media?parent=23007"}],"wp:term":[{"taxonomy":"product-structure","embeddable":true,"href":"https:\/\/www.fbt.it\/it\/wp-json\/wp\/v2\/product-structure?post=23007"},{"taxonomy":"product_brand","embeddable":true,"href":"https:\/\/www.fbt.it\/it\/wp-json\/wp\/v2\/product_brand?post=23007"},{"taxonomy":"product_cat","embeddable":true,"href":"https:\/\/www.fbt.it\/it\/wp-json\/wp\/v2\/product_cat?post=23007"},{"taxonomy":"product_tag","embeddable":true,"href":"https:\/\/www.fbt.it\/it\/wp-json\/wp\/v2\/product_tag?post=23007"}],"curies":[{"name":"wp","href":"https:\/\/api.w.org\/{rel}","templated":true}]}}