{"id":22900,"date":"2025-07-14T15:33:16","date_gmt":"2025-07-14T13:33:16","guid":{"rendered":"https:\/\/fbt2.addictionlab.it\/product\/prodotto-2\/"},"modified":"2026-04-15T12:05:40","modified_gmt":"2026-04-15T10:05:40","slug":"style","status":"publish","type":"product","link":"https:\/\/www.fbt.it\/it\/product\/style\/","title":{"rendered":"STYLE"},"content":{"rendered":"<p><b>La nuova serie di diffusori acustici STYLE uniscono l\u2019ottima qualit\u00e0 della riproduzione acustica ad un design innovativo, da cui scaturisce un concetto nuovo, un\u2019estetica accattivante, in grado di soddisfare svariate esigenze dal punto di vista architettonico.<\/b><\/p>\n<p>Il diffusore acustico non dovr\u00e0 pi\u00f9 essere un elemento da nascondere rischiando di compromettere la qualit\u00e0 del suono, bens\u00ec diventa un elemento integrato nell\u00b4ambiente, dove il risultato \u00e8 l\u00b4unione tra forma e funzione, tra scomparsa totale ed acustica.<\/p>\n<p>Seguendo la natura stessa, dove il suono si espande in tutte le direzioni, \u00e8 stato sviluppato cos\u00ec un altoparlante che riesca a riprodurre una sensazione sonora naturale. Mentre in natura il suono si espande a 360\u00b0 i diffusori convenzionali propagano il suono in forma conica e quindi con un angolo ristretto.<\/p>\n<p>Grazie alla forma conica della membrana i diffusori acustici <b>STYLE<\/b> ottengono una diffusione a 360\u00b0 fino alle frequenze pi\u00f9 alte. La diffusione si realizza in tutte le direzioni con grande precisione e naturalezza anche a volumi acustici molto elevati. La nuova tecnologia fa dimenticare la diffusione sonora geometrica alla quale si \u00e8 abituati, e offre la possibilit\u00e0 di abbracciare in ogni ambiente un effetto sonoro olografico e tridimensionale.<\/p>\n<p>Grazie al materiale con cui i diffusori Style sono realizzati e grazie all\u2019altoparlante in alluminio possono essere installati all\u2019aperto, resistente alle varie condizioni meteorologiche.<\/p>\n<ul>\n<li>Distribuzione del suono uniforme a 360\u00b0<\/li>\n<li>Diffusione del suono uniforme su una vasta gamma di frequenza (105Hz-20kHz) in tutte le direzioni<\/li>\n<li>Possono essere alimentati con amplificatori tradizionali<\/li>\n<li>Posizione d\u2019ascolto non vincolata a seguito del riferimento verso l\u2019asse<\/li>\n<li>adatti sia per impianti d\u2019alta fedelt\u00e0, sia per la sonorizzazione d\u2019ambiente come stazioni ferroviarie, aeroporti , ristoranti, centri commerciali e cos\u00ec via<\/li>\n<li>Pressione dell\u2019energia fonica piena e uniforme in ogni punto dell\u2019ambiente<\/li>\n<li>Elevato rendimento acustico<\/li>\n<li>Ottimo comportamento per quanto riguarda l\u2019effetto larsen, grazie all\u2019energia fonica che si riduce a un quarto verso il microfono<\/li>\n<li>Bassa intermodulazione<\/li>\n<li>Bassa distorsione armonica del 2\u00b0 ordine<\/li>\n<li>Design classico moderno adattabile a qualsiasi tipo d\u2019ambiente<\/li>\n<\/ul>\n","protected":false},"excerpt":{"rendered":"<p>La nuova serie di diffusori acustici STYLE uniscono l\u2019ottima qualit\u00e0 della riproduzione acustica ad un design innovativo, da cui scaturisce un concetto nuovo, un\u2019estetica accattivante, in grado di soddisfare svariate esigenze dal punto di vista architettonico. Il diffusore acustico non dovr\u00e0 pi\u00f9 essere un elemento da nascondere rischiando di compromettere la qualit\u00e0 del suono, bens\u00ec [&hellip;]<\/p>\n","protected":false},"featured_media":2703,"comment_status":"open","ping_status":"closed","template":"","meta":{"_acf_changed":false,"_gspb_post_css":"","inline_featured_image":false,"_genesis_hide_title":false,"_genesis_hide_breadcrumbs":false,"_genesis_hide_singular_image":false,"_genesis_hide_footer_widgets":false,"_genesis_custom_body_class":"","_genesis_custom_post_class":"","_genesis_layout":"","_links_to":"","_links_to_target":""},"product-structure":[470],"product_brand":[],"product_cat":[22],"product_tag":[],"class_list":{"0":"post-22900","1":"product","2":"type-product","3":"status-publish","4":"has-post-thumbnail","6":"product_cat-senza-categoria","7":"entry","9":"first","10":"instock","11":"shipping-taxable","12":"product-type-simple"},"acf":[],"yoast_head":"<!-- This site is optimized with the Yoast SEO plugin v26.6 - https:\/\/yoast.com\/wordpress\/plugins\/seo\/ -->\n<title>STYLE - FBT<\/title>\n<meta name=\"robots\" content=\"index, follow, max-snippet:-1, max-image-preview:large, max-video-preview:-1\" \/>\n<link rel=\"canonical\" href=\"https:\/\/www.fbt.it\/it\/product\/style\/\" \/>\n<meta property=\"og:locale\" content=\"it_IT\" \/>\n<meta property=\"og:type\" content=\"article\" \/>\n<meta property=\"og:title\" content=\"STYLE - FBT\" \/>\n<meta property=\"og:description\" content=\"La nuova serie di diffusori acustici STYLE uniscono l\u2019ottima qualit\u00e0 della riproduzione acustica ad un design innovativo, da cui scaturisce un concetto nuovo, un\u2019estetica accattivante, in grado di soddisfare svariate esigenze dal punto di vista architettonico. Il diffusore acustico non dovr\u00e0 pi\u00f9 essere un elemento da nascondere rischiando di compromettere la qualit\u00e0 del suono, bens\u00ec [&hellip;]\" \/>\n<meta property=\"og:url\" content=\"https:\/\/www.fbt.it\/it\/product\/style\/\" \/>\n<meta property=\"og:site_name\" content=\"FBT\" \/>\n<meta property=\"article:publisher\" content=\"https:\/\/www.facebook.com\/fbtelettronica\" \/>\n<meta property=\"article:modified_time\" content=\"2026-04-15T10:05:40+00:00\" \/>\n<meta property=\"og:image\" content=\"https:\/\/www.fbt.it\/wp-content\/uploads\/2024\/09\/STYLE.jpg\" \/>\n\t<meta property=\"og:image:width\" content=\"1280\" \/>\n\t<meta property=\"og:image:height\" content=\"480\" \/>\n\t<meta property=\"og:image:type\" content=\"image\/jpeg\" \/>\n<meta name=\"twitter:card\" content=\"summary_large_image\" \/>\n<meta name=\"twitter:label1\" content=\"Tempo di lettura stimato\" \/>\n\t<meta name=\"twitter:data1\" content=\"2 minuti\" \/>\n<script type=\"application\/ld+json\" class=\"yoast-schema-graph\">{\"@context\":\"https:\/\/schema.org\",\"@graph\":[{\"@type\":\"WebPage\",\"@id\":\"https:\/\/www.fbt.it\/it\/product\/style\/\",\"url\":\"https:\/\/www.fbt.it\/it\/product\/style\/\",\"name\":\"STYLE - FBT\",\"isPartOf\":{\"@id\":\"https:\/\/www.fbt.it\/it\/#website\"},\"primaryImageOfPage\":{\"@id\":\"https:\/\/www.fbt.it\/it\/product\/style\/#primaryimage\"},\"image\":{\"@id\":\"https:\/\/www.fbt.it\/it\/product\/style\/#primaryimage\"},\"thumbnailUrl\":\"https:\/\/www.fbt.it\/wp-content\/uploads\/2024\/09\/STYLE.jpg\",\"datePublished\":\"2025-07-14T13:33:16+00:00\",\"dateModified\":\"2026-04-15T10:05:40+00:00\",\"breadcrumb\":{\"@id\":\"https:\/\/www.fbt.it\/it\/product\/style\/#breadcrumb\"},\"inLanguage\":\"it-IT\",\"potentialAction\":[{\"@type\":\"ReadAction\",\"target\":[\"https:\/\/www.fbt.it\/it\/product\/style\/\"]}]},{\"@type\":\"ImageObject\",\"inLanguage\":\"it-IT\",\"@id\":\"https:\/\/www.fbt.it\/it\/product\/style\/#primaryimage\",\"url\":\"https:\/\/www.fbt.it\/wp-content\/uploads\/2024\/09\/STYLE.jpg\",\"contentUrl\":\"https:\/\/www.fbt.it\/wp-content\/uploads\/2024\/09\/STYLE.jpg\",\"width\":1280,\"height\":480},{\"@type\":\"BreadcrumbList\",\"@id\":\"https:\/\/www.fbt.it\/it\/product\/style\/#breadcrumb\",\"itemListElement\":[{\"@type\":\"ListItem\",\"position\":1,\"name\":\"Home\",\"item\":\"https:\/\/www.fbt.it\/it\/\"},{\"@type\":\"ListItem\",\"position\":2,\"name\":\"Shop\",\"item\":\"https:\/\/www.fbt.it\/negozio\/\"},{\"@type\":\"ListItem\",\"position\":3,\"name\":\"STYLE\"}]},{\"@type\":\"WebSite\",\"@id\":\"https:\/\/www.fbt.it\/it\/#website\",\"url\":\"https:\/\/www.fbt.it\/it\/\",\"name\":\"FBT\",\"description\":\"\",\"publisher\":{\"@id\":\"https:\/\/www.fbt.it\/it\/#organization\"},\"potentialAction\":[{\"@type\":\"SearchAction\",\"target\":{\"@type\":\"EntryPoint\",\"urlTemplate\":\"https:\/\/www.fbt.it\/it\/?s={search_term_string}\"},\"query-input\":{\"@type\":\"PropertyValueSpecification\",\"valueRequired\":true,\"valueName\":\"search_term_string\"}}],\"inLanguage\":\"it-IT\"},{\"@type\":\"Organization\",\"@id\":\"https:\/\/www.fbt.it\/it\/#organization\",\"name\":\"FBT\",\"url\":\"https:\/\/www.fbt.it\/it\/\",\"logo\":{\"@type\":\"ImageObject\",\"inLanguage\":\"it-IT\",\"@id\":\"https:\/\/www.fbt.it\/it\/#\/schema\/logo\/image\/\",\"url\":\"https:\/\/www.fbt.it\/wp-content\/uploads\/2024\/06\/thumbnail.png\",\"contentUrl\":\"https:\/\/www.fbt.it\/wp-content\/uploads\/2024\/06\/thumbnail.png\",\"width\":216,\"height\":122,\"caption\":\"FBT\"},\"image\":{\"@id\":\"https:\/\/www.fbt.it\/it\/#\/schema\/logo\/image\/\"},\"sameAs\":[\"https:\/\/www.facebook.com\/fbtelettronica\",\"https:\/\/www.youtube.com\/channel\/UCMXbrLQy7qECVUkjNLkxAaQ\"]}]}<\/script>\n<!-- \/ Yoast SEO plugin. -->","yoast_head_json":{"title":"STYLE - FBT","robots":{"index":"index","follow":"follow","max-snippet":"max-snippet:-1","max-image-preview":"max-image-preview:large","max-video-preview":"max-video-preview:-1"},"canonical":"https:\/\/www.fbt.it\/it\/product\/style\/","og_locale":"it_IT","og_type":"article","og_title":"STYLE - FBT","og_description":"La nuova serie di diffusori acustici STYLE uniscono l\u2019ottima qualit\u00e0 della riproduzione acustica ad un design innovativo, da cui scaturisce un concetto nuovo, un\u2019estetica accattivante, in grado di soddisfare svariate esigenze dal punto di vista architettonico. Il diffusore acustico non dovr\u00e0 pi\u00f9 essere un elemento da nascondere rischiando di compromettere la qualit\u00e0 del suono, bens\u00ec [&hellip;]","og_url":"https:\/\/www.fbt.it\/it\/product\/style\/","og_site_name":"FBT","article_publisher":"https:\/\/www.facebook.com\/fbtelettronica","article_modified_time":"2026-04-15T10:05:40+00:00","og_image":[{"width":1280,"height":480,"url":"https:\/\/www.fbt.it\/wp-content\/uploads\/2024\/09\/STYLE.jpg","type":"image\/jpeg"}],"twitter_card":"summary_large_image","twitter_misc":{"Tempo di lettura stimato":"2 minuti"},"schema":{"@context":"https:\/\/schema.org","@graph":[{"@type":"WebPage","@id":"https:\/\/www.fbt.it\/it\/product\/style\/","url":"https:\/\/www.fbt.it\/it\/product\/style\/","name":"STYLE - FBT","isPartOf":{"@id":"https:\/\/www.fbt.it\/it\/#website"},"primaryImageOfPage":{"@id":"https:\/\/www.fbt.it\/it\/product\/style\/#primaryimage"},"image":{"@id":"https:\/\/www.fbt.it\/it\/product\/style\/#primaryimage"},"thumbnailUrl":"https:\/\/www.fbt.it\/wp-content\/uploads\/2024\/09\/STYLE.jpg","datePublished":"2025-07-14T13:33:16+00:00","dateModified":"2026-04-15T10:05:40+00:00","breadcrumb":{"@id":"https:\/\/www.fbt.it\/it\/product\/style\/#breadcrumb"},"inLanguage":"it-IT","potentialAction":[{"@type":"ReadAction","target":["https:\/\/www.fbt.it\/it\/product\/style\/"]}]},{"@type":"ImageObject","inLanguage":"it-IT","@id":"https:\/\/www.fbt.it\/it\/product\/style\/#primaryimage","url":"https:\/\/www.fbt.it\/wp-content\/uploads\/2024\/09\/STYLE.jpg","contentUrl":"https:\/\/www.fbt.it\/wp-content\/uploads\/2024\/09\/STYLE.jpg","width":1280,"height":480},{"@type":"BreadcrumbList","@id":"https:\/\/www.fbt.it\/it\/product\/style\/#breadcrumb","itemListElement":[{"@type":"ListItem","position":1,"name":"Home","item":"https:\/\/www.fbt.it\/it\/"},{"@type":"ListItem","position":2,"name":"Shop","item":"https:\/\/www.fbt.it\/negozio\/"},{"@type":"ListItem","position":3,"name":"STYLE"}]},{"@type":"WebSite","@id":"https:\/\/www.fbt.it\/it\/#website","url":"https:\/\/www.fbt.it\/it\/","name":"FBT","description":"","publisher":{"@id":"https:\/\/www.fbt.it\/it\/#organization"},"potentialAction":[{"@type":"SearchAction","target":{"@type":"EntryPoint","urlTemplate":"https:\/\/www.fbt.it\/it\/?s={search_term_string}"},"query-input":{"@type":"PropertyValueSpecification","valueRequired":true,"valueName":"search_term_string"}}],"inLanguage":"it-IT"},{"@type":"Organization","@id":"https:\/\/www.fbt.it\/it\/#organization","name":"FBT","url":"https:\/\/www.fbt.it\/it\/","logo":{"@type":"ImageObject","inLanguage":"it-IT","@id":"https:\/\/www.fbt.it\/it\/#\/schema\/logo\/image\/","url":"https:\/\/www.fbt.it\/wp-content\/uploads\/2024\/06\/thumbnail.png","contentUrl":"https:\/\/www.fbt.it\/wp-content\/uploads\/2024\/06\/thumbnail.png","width":216,"height":122,"caption":"FBT"},"image":{"@id":"https:\/\/www.fbt.it\/it\/#\/schema\/logo\/image\/"},"sameAs":["https:\/\/www.facebook.com\/fbtelettronica","https:\/\/www.youtube.com\/channel\/UCMXbrLQy7qECVUkjNLkxAaQ"]}]}},"_links":{"self":[{"href":"https:\/\/www.fbt.it\/it\/wp-json\/wp\/v2\/product\/22900","targetHints":{"allow":["GET"]}}],"collection":[{"href":"https:\/\/www.fbt.it\/it\/wp-json\/wp\/v2\/product"}],"about":[{"href":"https:\/\/www.fbt.it\/it\/wp-json\/wp\/v2\/types\/product"}],"replies":[{"embeddable":true,"href":"https:\/\/www.fbt.it\/it\/wp-json\/wp\/v2\/comments?post=22900"}],"wp:featuredmedia":[{"embeddable":true,"href":"https:\/\/www.fbt.it\/it\/wp-json\/wp\/v2\/media\/2703"}],"wp:attachment":[{"href":"https:\/\/www.fbt.it\/it\/wp-json\/wp\/v2\/media?parent=22900"}],"wp:term":[{"taxonomy":"product-structure","embeddable":true,"href":"https:\/\/www.fbt.it\/it\/wp-json\/wp\/v2\/product-structure?post=22900"},{"taxonomy":"product_brand","embeddable":true,"href":"https:\/\/www.fbt.it\/it\/wp-json\/wp\/v2\/product_brand?post=22900"},{"taxonomy":"product_cat","embeddable":true,"href":"https:\/\/www.fbt.it\/it\/wp-json\/wp\/v2\/product_cat?post=22900"},{"taxonomy":"product_tag","embeddable":true,"href":"https:\/\/www.fbt.it\/it\/wp-json\/wp\/v2\/product_tag?post=22900"}],"curies":[{"name":"wp","href":"https:\/\/api.w.org\/{rel}","templated":true}]}}