{"id":22868,"date":"2025-07-14T16:30:20","date_gmt":"2025-07-14T14:30:20","guid":{"rendered":"https:\/\/fbt2.addictionlab.it\/product\/prodotto-2\/"},"modified":"2026-04-30T13:13:24","modified_gmt":"2026-04-30T11:13:24","slug":"myra","status":"publish","type":"product","link":"https:\/\/www.fbt.it\/it\/product\/myra\/","title":{"rendered":"MYRA"},"content":{"rendered":"<p>La serie MYRA \u00e8 il sistema PA modulare di punta di FBT, sviluppato per applicazioni touring di alto livello, festival su larga scala e installazioni fisse che richiedono SPL, fedelt\u00e0 e flessibilit\u00e0 di montaggio senza compromessi. Interamente progettato e costruito in Italia, MYRA 214L \u00e8 un modulo line array a 3 vie a curvatura variabile con un eccezionale rapporto SPL\/dimensioni che presenta due trasduttori LF al neodimio da 14&#8243; e un sistema di driver a compressione MF\/HF coassiale, garantendo un fronte d&#8217;onda coerente, un&#8217;ampia dispersione orizzontale di 90\u00b0 e una copertura uniforme da 400Hz a 20kHz. La sovrapposizione dei diaframmi da 2.5\u201c e 4\u201d fornisce una maggiore energia nella gamma 3-8kHz, ideale per le voci dal vivo. Il crossover MF\/HF passivo interno consente il funzionamento biamplificato tramite due canali dell&#8217;amplificatore. \u00c8 possibile sospendere fino a 24 elementi con un unico array utilizzando l&#8217;hardware di autobloccante integrato. Il MYRA 218S \u00e8 un subwoofer bass reflex doppio da 18&#8243; con sistema di porte curve, bassa compressione di potenza e risposta lineare fino a 25Hz. Supporta configurazioni standard e cardioidi ed \u00e8 completamente sospendibile con un massimo di 12 cabinet sospesi utilizzando un fattore di sicurezza 4:1. L&#8217;intero sistema MYRA \u00e8 alimentato ed elaborato attraverso il rack da tour myrack, che ospita tre amplificatori TALOS 20K4 T con preset DSP di fabbrica sia per i top che per i sub (standard e cardioidi). Include I\/O analogico\/digitale, rete audio Dante (opzionale) e un pannello di distribuzione di potenza\/segnale completo con connettori CA-COM e Speakon. Ogni rack alimenta fino a 8 top e 4 sub per un totale di 12 unit\u00e0. L&#8217;ecosistema completo comprende flybar (MR-F214, MR-F218), carrelli (MR-T214, MR-T218), coperture di protezione e kit di trasporto che consentono un rapido schieramento del sistema.<\/p>\n","protected":false},"excerpt":{"rendered":"<p>POWERFUL TOURING SOUND SOLUTION<\/p>\n","protected":false},"featured_media":0,"comment_status":"open","ping_status":"closed","template":"","meta":{"_acf_changed":false,"_gspb_post_css":"","inline_featured_image":false,"_genesis_hide_title":false,"_genesis_hide_breadcrumbs":false,"_genesis_hide_singular_image":false,"_genesis_hide_footer_widgets":false,"_genesis_custom_body_class":"","_genesis_custom_post_class":"","_genesis_layout":"","_links_to":"","_links_to_target":""},"product-structure":[470],"product_brand":[],"product_cat":[22],"product_tag":[],"class_list":{"0":"post-22868","1":"product","2":"type-product","3":"status-publish","5":"product_cat-senza-categoria","6":"entry","8":"first","9":"instock","10":"shipping-taxable","11":"product-type-simple"},"acf":[],"yoast_head":"<!-- This site is optimized with the Yoast SEO plugin v27.5 - https:\/\/yoast.com\/product\/yoast-seo-wordpress\/ -->\n<title>MYRA - FBT<\/title>\n<meta name=\"robots\" content=\"index, follow, max-snippet:-1, max-image-preview:large, max-video-preview:-1\" \/>\n<link rel=\"canonical\" href=\"https:\/\/www.fbt.it\/it\/product\/myra\/\" \/>\n<meta property=\"og:locale\" content=\"it_IT\" \/>\n<meta property=\"og:type\" content=\"article\" \/>\n<meta property=\"og:title\" content=\"MYRA - FBT\" \/>\n<meta property=\"og:description\" content=\"POWERFUL TOURING SOUND SOLUTION\" \/>\n<meta property=\"og:url\" content=\"https:\/\/www.fbt.it\/it\/product\/myra\/\" \/>\n<meta property=\"og:site_name\" content=\"FBT\" \/>\n<meta property=\"article:publisher\" content=\"https:\/\/www.facebook.com\/fbtelettronica\" \/>\n<meta property=\"article:modified_time\" content=\"2026-04-30T11:13:24+00:00\" \/>\n<meta name=\"twitter:card\" content=\"summary_large_image\" \/>\n<meta name=\"twitter:label1\" content=\"Tempo di lettura stimato\" \/>\n\t<meta name=\"twitter:data1\" content=\"2 minuti\" \/>\n<script type=\"application\/ld+json\" class=\"yoast-schema-graph\">{\"@context\":\"https:\\\/\\\/schema.org\",\"@graph\":[{\"@type\":\"WebPage\",\"@id\":\"https:\\\/\\\/www.fbt.it\\\/it\\\/product\\\/myra\\\/\",\"url\":\"https:\\\/\\\/www.fbt.it\\\/it\\\/product\\\/myra\\\/\",\"name\":\"MYRA - FBT\",\"isPartOf\":{\"@id\":\"https:\\\/\\\/www.fbt.it\\\/it\\\/#website\"},\"datePublished\":\"2025-07-14T14:30:20+00:00\",\"dateModified\":\"2026-04-30T11:13:24+00:00\",\"breadcrumb\":{\"@id\":\"https:\\\/\\\/www.fbt.it\\\/it\\\/product\\\/myra\\\/#breadcrumb\"},\"inLanguage\":\"it-IT\",\"potentialAction\":[{\"@type\":\"ReadAction\",\"target\":[\"https:\\\/\\\/www.fbt.it\\\/it\\\/product\\\/myra\\\/\"]}]},{\"@type\":\"BreadcrumbList\",\"@id\":\"https:\\\/\\\/www.fbt.it\\\/it\\\/product\\\/myra\\\/#breadcrumb\",\"itemListElement\":[{\"@type\":\"ListItem\",\"position\":1,\"name\":\"Home\",\"item\":\"https:\\\/\\\/www.fbt.it\\\/it\\\/\"},{\"@type\":\"ListItem\",\"position\":2,\"name\":\"Shop\",\"item\":\"https:\\\/\\\/www.fbt.it\\\/negozio\\\/\"},{\"@type\":\"ListItem\",\"position\":3,\"name\":\"MYRA\"}]},{\"@type\":\"WebSite\",\"@id\":\"https:\\\/\\\/www.fbt.it\\\/it\\\/#website\",\"url\":\"https:\\\/\\\/www.fbt.it\\\/it\\\/\",\"name\":\"FBT\",\"description\":\"\",\"publisher\":{\"@id\":\"https:\\\/\\\/www.fbt.it\\\/it\\\/#organization\"},\"potentialAction\":[{\"@type\":\"SearchAction\",\"target\":{\"@type\":\"EntryPoint\",\"urlTemplate\":\"https:\\\/\\\/www.fbt.it\\\/it\\\/?s={search_term_string}\"},\"query-input\":{\"@type\":\"PropertyValueSpecification\",\"valueRequired\":true,\"valueName\":\"search_term_string\"}}],\"inLanguage\":\"it-IT\"},{\"@type\":\"Organization\",\"@id\":\"https:\\\/\\\/www.fbt.it\\\/it\\\/#organization\",\"name\":\"FBT\",\"url\":\"https:\\\/\\\/www.fbt.it\\\/it\\\/\",\"logo\":{\"@type\":\"ImageObject\",\"inLanguage\":\"it-IT\",\"@id\":\"https:\\\/\\\/www.fbt.it\\\/it\\\/#\\\/schema\\\/logo\\\/image\\\/\",\"url\":\"https:\\\/\\\/www.fbt.it\\\/wp-content\\\/uploads\\\/2024\\\/06\\\/thumbnail.png\",\"contentUrl\":\"https:\\\/\\\/www.fbt.it\\\/wp-content\\\/uploads\\\/2024\\\/06\\\/thumbnail.png\",\"width\":216,\"height\":122,\"caption\":\"FBT\"},\"image\":{\"@id\":\"https:\\\/\\\/www.fbt.it\\\/it\\\/#\\\/schema\\\/logo\\\/image\\\/\"},\"sameAs\":[\"https:\\\/\\\/www.facebook.com\\\/fbtelettronica\",\"https:\\\/\\\/www.youtube.com\\\/channel\\\/UCMXbrLQy7qECVUkjNLkxAaQ\"]}]}<\/script>\n<!-- \/ Yoast SEO plugin. -->","yoast_head_json":{"title":"MYRA - FBT","robots":{"index":"index","follow":"follow","max-snippet":"max-snippet:-1","max-image-preview":"max-image-preview:large","max-video-preview":"max-video-preview:-1"},"canonical":"https:\/\/www.fbt.it\/it\/product\/myra\/","og_locale":"it_IT","og_type":"article","og_title":"MYRA - FBT","og_description":"POWERFUL TOURING SOUND SOLUTION","og_url":"https:\/\/www.fbt.it\/it\/product\/myra\/","og_site_name":"FBT","article_publisher":"https:\/\/www.facebook.com\/fbtelettronica","article_modified_time":"2026-04-30T11:13:24+00:00","twitter_card":"summary_large_image","twitter_misc":{"Tempo di lettura stimato":"2 minuti"},"schema":{"@context":"https:\/\/schema.org","@graph":[{"@type":"WebPage","@id":"https:\/\/www.fbt.it\/it\/product\/myra\/","url":"https:\/\/www.fbt.it\/it\/product\/myra\/","name":"MYRA - FBT","isPartOf":{"@id":"https:\/\/www.fbt.it\/it\/#website"},"datePublished":"2025-07-14T14:30:20+00:00","dateModified":"2026-04-30T11:13:24+00:00","breadcrumb":{"@id":"https:\/\/www.fbt.it\/it\/product\/myra\/#breadcrumb"},"inLanguage":"it-IT","potentialAction":[{"@type":"ReadAction","target":["https:\/\/www.fbt.it\/it\/product\/myra\/"]}]},{"@type":"BreadcrumbList","@id":"https:\/\/www.fbt.it\/it\/product\/myra\/#breadcrumb","itemListElement":[{"@type":"ListItem","position":1,"name":"Home","item":"https:\/\/www.fbt.it\/it\/"},{"@type":"ListItem","position":2,"name":"Shop","item":"https:\/\/www.fbt.it\/negozio\/"},{"@type":"ListItem","position":3,"name":"MYRA"}]},{"@type":"WebSite","@id":"https:\/\/www.fbt.it\/it\/#website","url":"https:\/\/www.fbt.it\/it\/","name":"FBT","description":"","publisher":{"@id":"https:\/\/www.fbt.it\/it\/#organization"},"potentialAction":[{"@type":"SearchAction","target":{"@type":"EntryPoint","urlTemplate":"https:\/\/www.fbt.it\/it\/?s={search_term_string}"},"query-input":{"@type":"PropertyValueSpecification","valueRequired":true,"valueName":"search_term_string"}}],"inLanguage":"it-IT"},{"@type":"Organization","@id":"https:\/\/www.fbt.it\/it\/#organization","name":"FBT","url":"https:\/\/www.fbt.it\/it\/","logo":{"@type":"ImageObject","inLanguage":"it-IT","@id":"https:\/\/www.fbt.it\/it\/#\/schema\/logo\/image\/","url":"https:\/\/www.fbt.it\/wp-content\/uploads\/2024\/06\/thumbnail.png","contentUrl":"https:\/\/www.fbt.it\/wp-content\/uploads\/2024\/06\/thumbnail.png","width":216,"height":122,"caption":"FBT"},"image":{"@id":"https:\/\/www.fbt.it\/it\/#\/schema\/logo\/image\/"},"sameAs":["https:\/\/www.facebook.com\/fbtelettronica","https:\/\/www.youtube.com\/channel\/UCMXbrLQy7qECVUkjNLkxAaQ"]}]}},"_links":{"self":[{"href":"https:\/\/www.fbt.it\/it\/wp-json\/wp\/v2\/product\/22868","targetHints":{"allow":["GET"]}}],"collection":[{"href":"https:\/\/www.fbt.it\/it\/wp-json\/wp\/v2\/product"}],"about":[{"href":"https:\/\/www.fbt.it\/it\/wp-json\/wp\/v2\/types\/product"}],"replies":[{"embeddable":true,"href":"https:\/\/www.fbt.it\/it\/wp-json\/wp\/v2\/comments?post=22868"}],"wp:attachment":[{"href":"https:\/\/www.fbt.it\/it\/wp-json\/wp\/v2\/media?parent=22868"}],"wp:term":[{"taxonomy":"product-structure","embeddable":true,"href":"https:\/\/www.fbt.it\/it\/wp-json\/wp\/v2\/product-structure?post=22868"},{"taxonomy":"product_brand","embeddable":true,"href":"https:\/\/www.fbt.it\/it\/wp-json\/wp\/v2\/product_brand?post=22868"},{"taxonomy":"product_cat","embeddable":true,"href":"https:\/\/www.fbt.it\/it\/wp-json\/wp\/v2\/product_cat?post=22868"},{"taxonomy":"product_tag","embeddable":true,"href":"https:\/\/www.fbt.it\/it\/wp-json\/wp\/v2\/product_tag?post=22868"}],"curies":[{"name":"wp","href":"https:\/\/api.w.org\/{rel}","templated":true}]}}