{"id":22866,"date":"2025-07-14T15:37:50","date_gmt":"2025-07-14T13:37:50","guid":{"rendered":"https:\/\/fbt2.addictionlab.it\/product\/prodotto-2\/"},"modified":"2026-04-30T13:13:43","modified_gmt":"2026-04-30T11:13:43","slug":"promaxx-2","status":"publish","type":"product","link":"https:\/\/www.fbt.it\/it\/product\/promaxx-2\/","title":{"rendered":"PROMAXX"},"content":{"rendered":"<p>Con un cabinet in polipropilene appositamente sviluppato e un elegante design a griglia frontale integrale, PROMAXX rappresenta l\u2019evoluzione di un classico dell\u2019audio portatile. Dotato di altoparlanti custom FBT e tecnologia a compressione firmata B&amp;C, PROMAXX esprime appieno la qualit\u00e0 e lo stile del Made in Italy. Al suo interno \u00e8 presente un modulo di amplificazione FBT progettato su misura, con alimentatore switching. La sezione LF \u00e8 gestita da un amplificatore in Classe D da 700W RMS ad alta efficienza e bassissima distorsione (THD), mentre la sezione HF \u00e8 pilotata da un amplificatore in Classe H\/AB da 200W RMS, selezionato per garantire la massima definizione sulle alte frequenze. A bordo \u00e8 integrata anche una piattaforma DSP avanzata, accessibile a utenti di ogni livello tramite un\u2019interfaccia grafica intuitiva. Sono disponibili 6 preset di equalizzazione di fabbrica, oltre a 2 slot utente configurabili, ciascuno con fino a 5 bande EQ parametriche. Il cabinet include due maniglie integrate, punti di ancoraggio M10 per sospensione e un foro standard per supporto stativo. Progettato per offrire la massima versatilit\u00e0, presenta tre lati inclinati\u201412\u00b0, 40\u00b0 e 55\u00b0\u2014che lo rendono ideale anche come monitor da palco a diverse distanze d\u2019ascolto.<\/p>\n","protected":false},"excerpt":{"rendered":"<p>A classic evolves<\/p>\n","protected":false},"featured_media":0,"comment_status":"open","ping_status":"closed","template":"","meta":{"_acf_changed":false,"_gspb_post_css":"","inline_featured_image":false,"_genesis_hide_title":false,"_genesis_hide_breadcrumbs":false,"_genesis_hide_singular_image":false,"_genesis_hide_footer_widgets":false,"_genesis_custom_body_class":"","_genesis_custom_post_class":"","_genesis_layout":"","_links_to":"","_links_to_target":""},"product-structure":[470],"product_brand":[],"product_cat":[22],"product_tag":[],"class_list":{"0":"post-22866","1":"product","2":"type-product","3":"status-publish","5":"product_cat-senza-categoria","6":"entry","8":"first","9":"instock","10":"shipping-taxable","11":"product-type-simple"},"acf":[],"yoast_head":"<!-- This site is optimized with the Yoast SEO plugin v27.5 - https:\/\/yoast.com\/product\/yoast-seo-wordpress\/ -->\n<title>PROMAXX - FBT<\/title>\n<meta name=\"robots\" content=\"index, follow, max-snippet:-1, max-image-preview:large, max-video-preview:-1\" \/>\n<link rel=\"canonical\" href=\"https:\/\/www.fbt.it\/it\/product\/promaxx-2\/\" \/>\n<meta property=\"og:locale\" content=\"it_IT\" \/>\n<meta property=\"og:type\" content=\"article\" \/>\n<meta property=\"og:title\" content=\"PROMAXX - FBT\" \/>\n<meta property=\"og:description\" content=\"A classic evolves\" \/>\n<meta property=\"og:url\" content=\"https:\/\/www.fbt.it\/it\/product\/promaxx-2\/\" \/>\n<meta property=\"og:site_name\" content=\"FBT\" \/>\n<meta property=\"article:publisher\" content=\"https:\/\/www.facebook.com\/fbtelettronica\" \/>\n<meta property=\"article:modified_time\" content=\"2026-04-30T11:13:43+00:00\" \/>\n<meta name=\"twitter:card\" content=\"summary_large_image\" \/>\n<meta name=\"twitter:label1\" content=\"Tempo di lettura stimato\" \/>\n\t<meta name=\"twitter:data1\" content=\"1 minuto\" \/>\n<script type=\"application\/ld+json\" class=\"yoast-schema-graph\">{\"@context\":\"https:\\\/\\\/schema.org\",\"@graph\":[{\"@type\":\"WebPage\",\"@id\":\"https:\\\/\\\/www.fbt.it\\\/it\\\/product\\\/promaxx-2\\\/\",\"url\":\"https:\\\/\\\/www.fbt.it\\\/it\\\/product\\\/promaxx-2\\\/\",\"name\":\"PROMAXX - FBT\",\"isPartOf\":{\"@id\":\"https:\\\/\\\/www.fbt.it\\\/it\\\/#website\"},\"datePublished\":\"2025-07-14T13:37:50+00:00\",\"dateModified\":\"2026-04-30T11:13:43+00:00\",\"breadcrumb\":{\"@id\":\"https:\\\/\\\/www.fbt.it\\\/it\\\/product\\\/promaxx-2\\\/#breadcrumb\"},\"inLanguage\":\"it-IT\",\"potentialAction\":[{\"@type\":\"ReadAction\",\"target\":[\"https:\\\/\\\/www.fbt.it\\\/it\\\/product\\\/promaxx-2\\\/\"]}]},{\"@type\":\"BreadcrumbList\",\"@id\":\"https:\\\/\\\/www.fbt.it\\\/it\\\/product\\\/promaxx-2\\\/#breadcrumb\",\"itemListElement\":[{\"@type\":\"ListItem\",\"position\":1,\"name\":\"Home\",\"item\":\"https:\\\/\\\/www.fbt.it\\\/it\\\/\"},{\"@type\":\"ListItem\",\"position\":2,\"name\":\"Shop\",\"item\":\"https:\\\/\\\/www.fbt.it\\\/negozio\\\/\"},{\"@type\":\"ListItem\",\"position\":3,\"name\":\"PROMAXX\"}]},{\"@type\":\"WebSite\",\"@id\":\"https:\\\/\\\/www.fbt.it\\\/it\\\/#website\",\"url\":\"https:\\\/\\\/www.fbt.it\\\/it\\\/\",\"name\":\"FBT\",\"description\":\"\",\"publisher\":{\"@id\":\"https:\\\/\\\/www.fbt.it\\\/it\\\/#organization\"},\"potentialAction\":[{\"@type\":\"SearchAction\",\"target\":{\"@type\":\"EntryPoint\",\"urlTemplate\":\"https:\\\/\\\/www.fbt.it\\\/it\\\/?s={search_term_string}\"},\"query-input\":{\"@type\":\"PropertyValueSpecification\",\"valueRequired\":true,\"valueName\":\"search_term_string\"}}],\"inLanguage\":\"it-IT\"},{\"@type\":\"Organization\",\"@id\":\"https:\\\/\\\/www.fbt.it\\\/it\\\/#organization\",\"name\":\"FBT\",\"url\":\"https:\\\/\\\/www.fbt.it\\\/it\\\/\",\"logo\":{\"@type\":\"ImageObject\",\"inLanguage\":\"it-IT\",\"@id\":\"https:\\\/\\\/www.fbt.it\\\/it\\\/#\\\/schema\\\/logo\\\/image\\\/\",\"url\":\"https:\\\/\\\/www.fbt.it\\\/wp-content\\\/uploads\\\/2024\\\/06\\\/thumbnail.png\",\"contentUrl\":\"https:\\\/\\\/www.fbt.it\\\/wp-content\\\/uploads\\\/2024\\\/06\\\/thumbnail.png\",\"width\":216,\"height\":122,\"caption\":\"FBT\"},\"image\":{\"@id\":\"https:\\\/\\\/www.fbt.it\\\/it\\\/#\\\/schema\\\/logo\\\/image\\\/\"},\"sameAs\":[\"https:\\\/\\\/www.facebook.com\\\/fbtelettronica\",\"https:\\\/\\\/www.youtube.com\\\/channel\\\/UCMXbrLQy7qECVUkjNLkxAaQ\"]}]}<\/script>\n<!-- \/ Yoast SEO plugin. -->","yoast_head_json":{"title":"PROMAXX - FBT","robots":{"index":"index","follow":"follow","max-snippet":"max-snippet:-1","max-image-preview":"max-image-preview:large","max-video-preview":"max-video-preview:-1"},"canonical":"https:\/\/www.fbt.it\/it\/product\/promaxx-2\/","og_locale":"it_IT","og_type":"article","og_title":"PROMAXX - FBT","og_description":"A classic evolves","og_url":"https:\/\/www.fbt.it\/it\/product\/promaxx-2\/","og_site_name":"FBT","article_publisher":"https:\/\/www.facebook.com\/fbtelettronica","article_modified_time":"2026-04-30T11:13:43+00:00","twitter_card":"summary_large_image","twitter_misc":{"Tempo di lettura stimato":"1 minuto"},"schema":{"@context":"https:\/\/schema.org","@graph":[{"@type":"WebPage","@id":"https:\/\/www.fbt.it\/it\/product\/promaxx-2\/","url":"https:\/\/www.fbt.it\/it\/product\/promaxx-2\/","name":"PROMAXX - FBT","isPartOf":{"@id":"https:\/\/www.fbt.it\/it\/#website"},"datePublished":"2025-07-14T13:37:50+00:00","dateModified":"2026-04-30T11:13:43+00:00","breadcrumb":{"@id":"https:\/\/www.fbt.it\/it\/product\/promaxx-2\/#breadcrumb"},"inLanguage":"it-IT","potentialAction":[{"@type":"ReadAction","target":["https:\/\/www.fbt.it\/it\/product\/promaxx-2\/"]}]},{"@type":"BreadcrumbList","@id":"https:\/\/www.fbt.it\/it\/product\/promaxx-2\/#breadcrumb","itemListElement":[{"@type":"ListItem","position":1,"name":"Home","item":"https:\/\/www.fbt.it\/it\/"},{"@type":"ListItem","position":2,"name":"Shop","item":"https:\/\/www.fbt.it\/negozio\/"},{"@type":"ListItem","position":3,"name":"PROMAXX"}]},{"@type":"WebSite","@id":"https:\/\/www.fbt.it\/it\/#website","url":"https:\/\/www.fbt.it\/it\/","name":"FBT","description":"","publisher":{"@id":"https:\/\/www.fbt.it\/it\/#organization"},"potentialAction":[{"@type":"SearchAction","target":{"@type":"EntryPoint","urlTemplate":"https:\/\/www.fbt.it\/it\/?s={search_term_string}"},"query-input":{"@type":"PropertyValueSpecification","valueRequired":true,"valueName":"search_term_string"}}],"inLanguage":"it-IT"},{"@type":"Organization","@id":"https:\/\/www.fbt.it\/it\/#organization","name":"FBT","url":"https:\/\/www.fbt.it\/it\/","logo":{"@type":"ImageObject","inLanguage":"it-IT","@id":"https:\/\/www.fbt.it\/it\/#\/schema\/logo\/image\/","url":"https:\/\/www.fbt.it\/wp-content\/uploads\/2024\/06\/thumbnail.png","contentUrl":"https:\/\/www.fbt.it\/wp-content\/uploads\/2024\/06\/thumbnail.png","width":216,"height":122,"caption":"FBT"},"image":{"@id":"https:\/\/www.fbt.it\/it\/#\/schema\/logo\/image\/"},"sameAs":["https:\/\/www.facebook.com\/fbtelettronica","https:\/\/www.youtube.com\/channel\/UCMXbrLQy7qECVUkjNLkxAaQ"]}]}},"_links":{"self":[{"href":"https:\/\/www.fbt.it\/it\/wp-json\/wp\/v2\/product\/22866","targetHints":{"allow":["GET"]}}],"collection":[{"href":"https:\/\/www.fbt.it\/it\/wp-json\/wp\/v2\/product"}],"about":[{"href":"https:\/\/www.fbt.it\/it\/wp-json\/wp\/v2\/types\/product"}],"replies":[{"embeddable":true,"href":"https:\/\/www.fbt.it\/it\/wp-json\/wp\/v2\/comments?post=22866"}],"wp:attachment":[{"href":"https:\/\/www.fbt.it\/it\/wp-json\/wp\/v2\/media?parent=22866"}],"wp:term":[{"taxonomy":"product-structure","embeddable":true,"href":"https:\/\/www.fbt.it\/it\/wp-json\/wp\/v2\/product-structure?post=22866"},{"taxonomy":"product_brand","embeddable":true,"href":"https:\/\/www.fbt.it\/it\/wp-json\/wp\/v2\/product_brand?post=22866"},{"taxonomy":"product_cat","embeddable":true,"href":"https:\/\/www.fbt.it\/it\/wp-json\/wp\/v2\/product_cat?post=22866"},{"taxonomy":"product_tag","embeddable":true,"href":"https:\/\/www.fbt.it\/it\/wp-json\/wp\/v2\/product_tag?post=22866"}],"curies":[{"name":"wp","href":"https:\/\/api.w.org\/{rel}","templated":true}]}}